{"id":10445,"date":"2020-03-31T13:27:56","date_gmt":"2020-03-31T13:27:56","guid":{"rendered":"https:\/\/optcycling.ro\/?page_id=10445"},"modified":"2022-06-02T08:59:41","modified_gmt":"2022-06-02T08:59:41","slug":"pantaloni-scurti-elite","status":"publish","type":"page","link":"https:\/\/optcycling.co.uk\/ro\/pantaloni-scurti-elite\/","title":{"rendered":"Pantaloni scur\u021bi ELITE"},"content":{"rendered":"<section class=\"wpb-content-wrapper\"><p>[vc_row][vc_column width=&#8221;1\/2&#8243;][vc_single_image image=&#8221;10806&#8243; img_size=&#8221;full&#8221; alignment=&#8221;center&#8221; onclick=&#8221;img_link_large&#8221;][\/vc_column][vc_column width=&#8221;1\/2&#8243;][vc_single_image image=&#8221;10809&#8243; img_size=&#8221;full&#8221; alignment=&#8221;center&#8221; onclick=&#8221;img_link_large&#8221;][\/vc_column][\/vc_row][vc_row][vc_column]<div id=\"highlight-box-wrap-6635\"  data-ultimate-target='#highlight-box-wrap-6635'  data-responsive-json-new='{\"font-size\":\"desktop:32px;\",\"line-height\":\"\"}'  class=\"ultimate-call-to-action ult-adjust-bottom-margin  ctaction-text-center ult-responsive\" style=\"font-weight:normal;color:#ffffff;background:#0088cc;padding-top:20px;padding-bottom:20px;\"  data-background=\"#0088cc\"  data-background-hover=\"rgba(0,136,204,0.5)\"  data-override=\"0\" ><div class=\"ultimate-ctaction-icon ctaction-icon-right-push\"><div class=\"ult-just-icon-wrapper  \"><div class=\"align-icon\" style=\"text-align:center;\">\n<div class=\"aio-icon none \"  style=\"font-size:32px;display:inline-block;\">\n\t<i class=\"Defaults-cloud-download\"><\/i>\n<\/div><\/div><\/div><\/div><div class=\"uvc-ctaction-data uvc-ctaction-data-right-push ult-responsive\">Tabel de m\u0103rimi<\/div><a class=\"ulimate-call-to-action-link\" href=\"https:\/\/optcycling.co.uk\/wp-content\/uploads\/Pantaloni-scurti-ELITE.pdf\" title=\"Tabel de m\u0103rimi\" ><\/a><\/div>[\/vc_column][\/vc_row][vc_row][vc_column]<div id=\"ultimate-heading-33216a04adf0e5e35\" class=\"uvc-heading ult-adjust-bottom-margin ultimate-heading-33216a04adf0e5e35 uvc-2941 \" data-hspacer=\"line_only\"  data-halign=\"left\" style=\"text-align:left\"><div class=\"uvc-main-heading ult-responsive\"  data-ultimate-target='.uvc-heading.ultimate-heading-33216a04adf0e5e35 h2'  data-responsive-json-new='{\"font-size\":\"\",\"line-height\":\"\"}' ><h2 style=\"font-weight:normal;\">Prezentare<\/h2><\/div><div class=\"uvc-heading-spacer line_only\" style=\"topheight:1px;\"><span class=\"uvc-headings-line\" style=\"border-style:solid;border-bottom-width:1px;border-color:#ccc;width:autopx;\"><\/span><\/div><\/div><div class=\"ult-spacer spacer-6a04adf0e5ea7\" data-id=\"6a04adf0e5ea7\" data-height=\"20\" data-height-mobile=\"20\" data-height-tab=\"20\" data-height-tab-portrait=\"\" data-height-mobile-landscape=\"\" style=\"clear:both;display:block;\"><\/div>[vc_column_text]Pantalonii de ciclism OPT Elite sunt modelul dedicat \u00een special sportivilor de performan\u021b\u0103 \u0219i arat\u0103 la fel de bine precum se simt pe biciclet\u0103. Au un croi anatomic \u0219i aerodinamic specific pentru competi\u021bii, care suport\u0103 o pozi\u021bie eficient\u0103 de pedalare.<\/p>\n<p><strong>Avantaje:<\/strong><\/p>\n<ul>\n<li>Nu dispun de cus\u0103turi neesen\u021biale.<\/li>\n<li>Au suport uniform pentru mi\u0219care natural\u0103.<\/li>\n<li>Un confort ridicat prin greutate redus\u0103.<\/li>\n<li>Compresie muscular\u0103 optim\u0103.<\/li>\n<li>Bazon antibacterian \u0219i ventilat.<\/li>\n<\/ul>\n<p>&nbsp;<\/p>\n<p>Materialele \u0219i croiul au fost create de noua tehnologie FRESHFEEL de la M.I.T.I . pentru materiale de var\u0103, special\u0103 pentru confort\u00a0 la contact direct cu pielea, av\u00e2nd \u00een minte cea mai bun\u0103 compresie, ventilare \u0219i management al umidit\u0103\u021bii.<\/p>\n<p>\u00cendreapt\u0103-te spre performan\u021ba de elit\u0103 cu pantalonii corespunz\u0103tori![\/vc_column_text][\/vc_column][\/vc_row][vc_row][vc_column width=&#8221;1\/2&#8243;]<div id=\"ultimate-heading-31926a04adf0e5f2c\" class=\"uvc-heading ult-adjust-bottom-margin ultimate-heading-31926a04adf0e5f2c uvc-8750 \" data-hspacer=\"line_only\"  data-halign=\"left\" style=\"text-align:left\"><div class=\"uvc-main-heading ult-responsive\"  data-ultimate-target='.uvc-heading.ultimate-heading-31926a04adf0e5f2c h2'  data-responsive-json-new='{\"font-size\":\"\",\"line-height\":\"\"}' ><h2 style=\"font-weight:normal;\">Bazon standard<\/h2><\/div><div class=\"uvc-heading-spacer line_only\" style=\"topheight:1px;\"><span class=\"uvc-headings-line\" style=\"border-style:solid;border-bottom-width:1px;border-color:#ccc;width:autopx;\"><\/span><\/div><\/div><div class=\"ult-spacer spacer-6a04adf0e5f8b\" data-id=\"6a04adf0e5f8b\" data-height=\"20\" data-height-mobile=\"20\" data-height-tab=\"20\" data-height-tab-portrait=\"\" data-height-mobile-landscape=\"\" style=\"clear:both;display:block;\"><\/div>[vc_single_image image=&#8221;11403&#8243; img_size=&#8221;full&#8221; alignment=&#8221;center&#8221; onclick=&#8221;link_image&#8221;][\/vc_column][vc_column width=&#8221;1\/2&#8243;]<div id=\"ultimate-heading-11546a04adf0e5fe6\" class=\"uvc-heading ult-adjust-bottom-margin ultimate-heading-11546a04adf0e5fe6 uvc-6784 \" data-hspacer=\"line_only\"  data-halign=\"left\" style=\"text-align:left\"><div class=\"uvc-main-heading ult-responsive\"  data-ultimate-target='.uvc-heading.ultimate-heading-11546a04adf0e5fe6 h2'  data-responsive-json-new='{\"font-size\":\"\",\"line-height\":\"\"}' ><h2 style=\"font-weight:normal;\">Bazon pentru femei<\/h2><\/div><div class=\"uvc-heading-spacer line_only\" style=\"topheight:1px;\"><span class=\"uvc-headings-line\" style=\"border-style:solid;border-bottom-width:1px;border-color:#ccc;width:autopx;\"><\/span><\/div><\/div><div class=\"ult-spacer spacer-6a04adf0e6066\" data-id=\"6a04adf0e6066\" data-height=\"20\" data-height-mobile=\"20\" data-height-tab=\"20\" data-height-tab-portrait=\"\" data-height-mobile-landscape=\"\" style=\"clear:both;display:block;\"><\/div>[vc_single_image image=&#8221;11405&#8243; img_size=&#8221;full&#8221; alignment=&#8221;center&#8221; onclick=&#8221;link_image&#8221;][\/vc_column][\/vc_row]<\/p>\n<\/section>","protected":false},"excerpt":{"rendered":"<p>[vc_row][vc_column width=&#8221;1\/2&#8243;][vc_single_image image=&#8221;10806&#8243; img_size=&#8221;full&#8221; alignment=&#8221;center&#8221; onclick=&#8221;img_link_large&#8221;][\/vc_column][vc_column width=&#8221;1\/2&#8243;][vc_single_image image=&#8221;10809&#8243; img_size=&#8221;full&#8221; alignment=&#8221;center&#8221; onclick=&#8221;img_link_large&#8221;][\/vc_column][\/vc_row][vc_row][vc_column][\/vc_column][\/vc_row][vc_row][vc_column][vc_column_text]Pantalonii de ciclism OPT Elite sunt modelul dedicat \u00een special sportivilor de performan\u021b\u0103 \u0219i arat\u0103 la fel de bine precum se simt pe biciclet\u0103. Au un croi anatomic \u0219i aerodinamic specific pentru competi\u021bii, care suport\u0103 o pozi\u021bie eficient\u0103 de pedalare. Avantaje: Nu dispun de cus\u0103turi [&hellip;]<\/p>\n","protected":false},"author":1,"featured_media":0,"parent":0,"menu_order":0,"comment_status":"closed","ping_status":"closed","template":"","meta":[],"_links":{"self":[{"href":"https:\/\/optcycling.co.uk\/ro\/wp-json\/wp\/v2\/pages\/10445"}],"collection":[{"href":"https:\/\/optcycling.co.uk\/ro\/wp-json\/wp\/v2\/pages"}],"about":[{"href":"https:\/\/optcycling.co.uk\/ro\/wp-json\/wp\/v2\/types\/page"}],"author":[{"embeddable":true,"href":"https:\/\/optcycling.co.uk\/ro\/wp-json\/wp\/v2\/users\/1"}],"replies":[{"embeddable":true,"href":"https:\/\/optcycling.co.uk\/ro\/wp-json\/wp\/v2\/comments?post=10445"}],"version-history":[{"count":1,"href":"https:\/\/optcycling.co.uk\/ro\/wp-json\/wp\/v2\/pages\/10445\/revisions"}],"predecessor-version":[{"id":13442,"href":"https:\/\/optcycling.co.uk\/ro\/wp-json\/wp\/v2\/pages\/10445\/revisions\/13442"}],"wp:attachment":[{"href":"https:\/\/optcycling.co.uk\/ro\/wp-json\/wp\/v2\/media?parent=10445"}],"curies":[{"name":"wp","href":"https:\/\/api.w.org\/{rel}","templated":true}]}}