{"id":11432,"date":"2020-10-29T11:06:24","date_gmt":"2020-10-29T11:06:24","guid":{"rendered":"https:\/\/optcycling.ro\/?page_id=11432"},"modified":"2022-06-02T09:14:00","modified_gmt":"2022-06-02T09:14:00","slug":"jacheta-de-ploaie","status":"publish","type":"page","link":"https:\/\/optcycling.co.uk\/ro\/jacheta-de-ploaie\/","title":{"rendered":"Jacheta de ploaie"},"content":{"rendered":"<section class=\"wpb-content-wrapper\"><p>[vc_row][vc_column width=&#8221;1\/2&#8243;][vc_single_image image=&#8221;11450&#8243; img_size=&#8221;full&#8221; alignment=&#8221;center&#8221; onclick=&#8221;img_link_large&#8221;][\/vc_column][vc_column width=&#8221;1\/2&#8243;][vc_single_image image=&#8221;11452&#8243; img_size=&#8221;full&#8221; alignment=&#8221;center&#8221; onclick=&#8221;img_link_large&#8221;][\/vc_column][\/vc_row][vc_row][vc_column]<div id=\"ultimate-heading-62156a04addfc83a2\" class=\"uvc-heading ult-adjust-bottom-margin ultimate-heading-62156a04addfc83a2 uvc-3996 \" data-hspacer=\"line_only\"  data-halign=\"left\" style=\"text-align:left\"><div class=\"uvc-main-heading ult-responsive\"  data-ultimate-target='.uvc-heading.ultimate-heading-62156a04addfc83a2 h2'  data-responsive-json-new='{\"font-size\":\"\",\"line-height\":\"\"}' ><h2 style=\"font-weight:normal;\">Prezentare<\/h2><\/div><div class=\"uvc-heading-spacer line_only\" style=\"topheight:1px;\"><span class=\"uvc-headings-line\" style=\"border-style:solid;border-bottom-width:1px;border-color:#ccc;width:autopx;\"><\/span><\/div><\/div><div class=\"ult-spacer spacer-6a04addfc8402\" data-id=\"6a04addfc8402\" data-height=\"20\" data-height-mobile=\"20\" data-height-tab=\"20\" data-height-tab-portrait=\"\" data-height-mobile-landscape=\"\" style=\"clear:both;display:block;\"><\/div>[vc_column_text]O jachet\u0103 ultra-u\u0219oar\u0103 (aprox. 90 de grame) pe care nu te vei g\u00e2ndi prea mult dac\u0103 s\u0103 o iei sau nu cu tine la tur\u0103 pentru c\u0103 se face foarte mic\u0103. \u00cencape f\u0103r\u0103 probleme \u00een buzunarul de pe spatele tricoului \u0219i \u00ee\u021bi ofer\u0103 protec\u021bie la ploaie \u0219i v\u00e2nt.<\/p>\n<p><strong>Avantaje:<\/strong><\/p>\n<ul>\n<li>Panouri laterale perforate pentru o bun\u0103 ventila\u021bie.<\/li>\n<li>Dispune de fermoar YKK cu durabilitate ridicat\u0103.<\/li>\n<\/ul>\n<p>Vremea poate s\u0103 ne joace feste \u0219i \u00een cele mai nea\u0219teptate momente. Cu acest accesoriu simplu dar foarte eficient nu mai pleci niciodat\u0103 nepreg\u0103tit, \u0219i nu cari umbrele. Bucur\u0103-te de sportul preferat oric\u00e2t de tare ar ploua afar\u0103![\/vc_column_text][\/vc_column][\/vc_row]<\/p>\n<\/section>","protected":false},"excerpt":{"rendered":"<p>[vc_row][vc_column width=&#8221;1\/2&#8243;][vc_single_image image=&#8221;11450&#8243; img_size=&#8221;full&#8221; alignment=&#8221;center&#8221; onclick=&#8221;img_link_large&#8221;][\/vc_column][vc_column width=&#8221;1\/2&#8243;][vc_single_image image=&#8221;11452&#8243; img_size=&#8221;full&#8221; alignment=&#8221;center&#8221; onclick=&#8221;img_link_large&#8221;][\/vc_column][\/vc_row][vc_row][vc_column][vc_column_text]O jachet\u0103 ultra-u\u0219oar\u0103 (aprox. 90 de grame) pe care nu te vei g\u00e2ndi prea mult dac\u0103 s\u0103 o iei sau nu cu tine la tur\u0103 pentru c\u0103 se face foarte mic\u0103. \u00cencape f\u0103r\u0103 probleme \u00een buzunarul de pe spatele tricoului \u0219i \u00ee\u021bi ofer\u0103 protec\u021bie la [&hellip;]<\/p>\n","protected":false},"author":1,"featured_media":0,"parent":0,"menu_order":0,"comment_status":"closed","ping_status":"closed","template":"","meta":[],"_links":{"self":[{"href":"https:\/\/optcycling.co.uk\/ro\/wp-json\/wp\/v2\/pages\/11432"}],"collection":[{"href":"https:\/\/optcycling.co.uk\/ro\/wp-json\/wp\/v2\/pages"}],"about":[{"href":"https:\/\/optcycling.co.uk\/ro\/wp-json\/wp\/v2\/types\/page"}],"author":[{"embeddable":true,"href":"https:\/\/optcycling.co.uk\/ro\/wp-json\/wp\/v2\/users\/1"}],"replies":[{"embeddable":true,"href":"https:\/\/optcycling.co.uk\/ro\/wp-json\/wp\/v2\/comments?post=11432"}],"version-history":[{"count":2,"href":"https:\/\/optcycling.co.uk\/ro\/wp-json\/wp\/v2\/pages\/11432\/revisions"}],"predecessor-version":[{"id":13456,"href":"https:\/\/optcycling.co.uk\/ro\/wp-json\/wp\/v2\/pages\/11432\/revisions\/13456"}],"wp:attachment":[{"href":"https:\/\/optcycling.co.uk\/ro\/wp-json\/wp\/v2\/media?parent=11432"}],"curies":[{"name":"wp","href":"https:\/\/api.w.org\/{rel}","templated":true}]}}