{"id":12681,"date":"2021-07-14T10:55:49","date_gmt":"2021-07-14T10:55:49","guid":{"rendered":"https:\/\/optcycling.ro\/?page_id=12681"},"modified":"2021-07-14T11:04:47","modified_gmt":"2021-07-14T11:04:47","slug":"politica-de-utilizare-cookie-uri","status":"publish","type":"page","link":"https:\/\/optcycling.co.uk\/ro\/politica-de-utilizare-cookie-uri\/","title":{"rendered":"Politica de utilizare cookie-uri"},"content":{"rendered":"<section class=\"wpb-content-wrapper\"><p>[vc_row][vc_column][vc_column_text]Politica de utilizare cookie-uri<\/p>\n<p><strong>Politica de utilizare cookie-uri<\/strong><\/p>\n<p>Aceast\u0103 politic\u0103 pentru utilizarea de cookie-uri stabile\u0219te baza pe care folosim cookie-uri \u0219i tehnologii similare pe sau \u00een leg\u0103tur\u0103 cu site-ul nostru,\u00a0<a href=\"http:\/\/www.steaguri.net\/\" target=\"_blank\" rel=\"noopener\">www.optcycling.co.uk<\/a>.<\/p>\n<p>Cookie-urile \u201eesen\u021biale\u201d sunt plasate automat pe computer sau pe dispozitiv atunci c\u00e2nd accesa\u021bi site-ul nostru sau efectua\u021bi anumite ac\u021biuni pe site-ul nostru. Cookie-urile \u201eneesen\u021biale\u201d \u0219i alte tehnologii sunt plasate pe computerul sau pe dispozitivul dvs. numai dac\u0103 v-a\u021bi dat acordul. Pentru informa\u021bii despre diferen\u021ba dintre cookie-urile esen\u021biale \u0219i cele neesen\u021biale, consulta\u021bi sec\u021biunea de mai jos, intitulat\u0103 Despre cookie-uri.<\/p>\n<p>Pentru informa\u021bii despre modul \u00een care v\u0103 da\u021bi acordul \u0219i despre modul \u00een care v\u0103 pute\u021bi retrage consim\u021b\u0103m\u00e2ntul de a introduce cookie-uri neesen\u021biale \u0219i alte tehnologii pe calculatorul sau pe dispozitivul dvs., consulta\u021bi sec\u021biunea de mai jos, intitulat\u0103 Cum se accept\u0103 sau se resping cookie-urile.<\/p>\n<p><strong>Despre cookie-uri<\/strong><\/p>\n<p><strong>Ce sunt cookie-urile?<\/strong><\/p>\n<p>Cookie-urile sunt mici fi\u0219iere de date trimise de serverul unui site c\u0103tre un browser web, un procesor de memorie sau hard disk \u0219i stocate acolo. Acestea pot fi folosite \u00een diferite scopuri, ca de exemplu personalizarea unui website pentru un anumit utilizator, facilitarea navig\u0103rii unui utilizator pe un website, \u00eembun\u0103t\u0103\u021birea experien\u021bei utilizatorului respectiv stocarea preferin\u021belor \u0219i informa\u021biilor de conectare ale utilizatorului.<\/p>\n<p><strong>Cookie-uri esen\u021biale \u0219i neesen\u021biale<\/strong><\/p>\n<p>Cookie-urile pot fi clasificate ca \u201eesen\u021biale\u201d sau \u201eneesen\u021biale\u201d.<\/p>\n<p>Cookie-uri esen\u021biale: acestea sunt cookie-urile care sunt fie:<\/p>\n<ul>\n<li>utilizate exclusiv pentru a efectua sau a facilita transmiterea comunica\u021biilor \u00eentr-o re\u021bea; sau<\/li>\n<li>strict necesare pentru a furniza un serviciu online (de exemplu, website-ul nostru sau un serviciu oferit pe website-ul nostru) pe care l-a\u021bi solicitat.<\/li>\n<\/ul>\n<p>Cookie-uri neesen\u021biale: acestea sunt cookie-urile care nu intr\u0103 sub inciden\u021ba defini\u021biei cookie-urilor esen\u021biale, cum ar fi cookie-urile utilizate pentru a v\u0103 analiza comportamentul pe un website (cookie-uri \u201eanalitice\u201d) sau cookie-uri utilizate pentru a v\u0103 afi\u0219a reclame (cookie-uri pentru \u201epublicitate\u201d).<\/p>\n<p><strong>Cookie-uri de sesiune \u0219i persistente<\/strong><\/p>\n<p>Cookie-urile pot fi clasificate ca \u201ede sesiune\u201d sau \u201epersistente\u201d, \u00een func\u021bie de c\u00e2t timp sunt stocate dup\u0103 ce sunt plasate \u00een browser-ul dumneavoastr\u0103.<\/p>\n<p>Cookie-uri de sesiune: cookie-urile de sesiune dureaz\u0103 at\u00e2t timp c\u00e2t p\u0103stra\u021bi browserul deschis. Acestea expir\u0103 c\u00e2nd \u00eenchide\u021bi browserul.<\/p>\n<p>Cookie-urile persistente: cookie-urile persistente expir\u0103 dup\u0103 o anumit\u0103 perioad\u0103 sau dac\u0103 le \u0219terge\u021bi manual din browser, depinde care eveniment are loc \u00eent\u00e2i.<\/p>\n<p><strong>Cookie-urile prim\u0103 parte \u0219i ter\u021be<\/strong><\/p>\n<p>Cookie-urile pot fi clasificate drept \u201eprim\u0103 parte\u201d sau \u201eter\u021be\u201d.<\/p>\n<p>Cookie-urile prim\u0103 parte: acestea sunt cookie-urile plasate pe dispozitivul dvs. de c\u0103tre domeniul site-ului nostru.<\/p>\n<p>Cookie-urile ter\u021be: acestea sunt cookie-uri plasate pe dispozitivul dvs. de c\u0103tre domeniul unui website ter\u021b\u0103 parte.<\/p>\n<p>Dac\u0103 ave\u021bi nevoie de informa\u021bii suplimentare despre cookie-uri \u00een general, v\u0103 rug\u0103m s\u0103 vizita\u021bi\u00a0<a href=\"http:\/\/www.allaboutcookies.org\/\" target=\"_blank\" rel=\"noopener\">www.allaboutcookies.org<\/a><\/p>\n<p><strong>Lista de cookie-uri utilizate de website-ul nostru<\/strong><\/p>\n<p>_gat<\/p>\n<p>furnizor: optcycling.co.uk<\/p>\n<p>tip: HTTP (sesiune), neesen\u021bial<\/p>\n<p>expir\u0103: 1 minut<\/p>\n<p>Descrierea scopului acestui cookie: Folosit la accelerarea ratei de cerere.<\/p>\n<p>Datele sunt trimise \u00een: SUA<\/p>\n<p>&nbsp;<\/p>\n<p>_gid<\/p>\n<p>furnizor: optcycling.co.uk<\/p>\n<p>tip: HTTP (sesiune), neesen\u021bial<\/p>\n<p>expir\u0103: 24 ore<\/p>\n<p>Descrierea scopului acestui cookie: Stocheaz\u0103 \u0219i actualizeaz\u0103 o valoare unic\u0103 pentru fiecare pagin\u0103 vizitat\u0103.<\/p>\n<p>Datele sunt trimise \u00een: SUA<\/p>\n<p>&nbsp;<\/p>\n<p>_ga<\/p>\n<p>furnizor: optcycling.co.uk<\/p>\n<p>tip: HTTP (persistent), neesen\u021bial<\/p>\n<p>expir\u0103: 2 ani<\/p>\n<p>Descrierea scopului acestui cookie: Acest modul cookie este utilizat pentru a distinge utilizatorii unici prin atribuirea unui num\u0103r generat aleator ca identificator de client. Acesta este inclus \u00een fiecare solicitare de pagin\u0103 \u00eentr-un site \u0219i este utilizat pentru a calcula datele legate de num\u0103rul vizitatorilor, sesiunilor \u0219i campaniilor pentru rapoartele de analiz\u0103 a site-urilor.<\/p>\n<p>Datele sunt trimise \u00een: SUA<\/p>\n<p><strong>\u00a0<\/strong><\/p>\n<p><strong>Cookie-uri esen\u021biale<\/strong><\/p>\n<p>Acestea sunt cookie-urile strict necesare pentru ca site-ul nostru s\u0103 poat\u0103 opera sau s\u0103 v\u0103 ofere un serviciu pe site-ul nostru solicitat de dvs.<\/p>\n<p><strong>Temei legal pentru prelucrare:<\/strong>\u00a0proces\u0103m informa\u021biile despre dvs. con\u021binute \u00een sau ob\u021binute din cookie-uri esen\u021biale \u00een interesele noastre legitime (articolul 6 alineatul (1) litera (f) din Regulamentul General privind Protec\u021bia datelor).<\/p>\n<p><strong>Interesele legitime:<\/strong>\u00a0asigurarea func\u021bion\u0103rii corecte a site-ului nostru \u0219i furnizarea de servicii online pe care le-a\u021bi solicitat.<\/p>\n<p><strong>Cum s\u0103 renun\u021ba\u021bi la cookie-urile esen\u021biale<\/strong><\/p>\n<p>Cele mai multe browsere v\u0103 permit s\u0103 bloca\u021bi toate cookie-urile, inclusiv cookie-urile esen\u021biale. Re\u021bine\u021bi c\u0103, dac\u0103 bloca\u021bi toate modulele cookie, este posibil ca anumite sec\u021biuni ale site-ului s\u0103 nu func\u021bioneze sau s\u0103 fie afi\u0219ate corect.<\/p>\n<p>Pute\u021bi \u0219terge cookie-urile existente din browserul dvs., elimin\u00e2nd datele de navigare \u0219i asigur\u00e2ndu-v\u0103 c\u0103 este selectat\u0103 op\u021biunea de \u0219tergere a modulelor cookie.<\/p>\n<p>Pentru informa\u021bii mai detaliate cu privire la modul de acceptare \u0219i respingere a cookie-urilor, inclusiv \u00eendrum\u0103ri pentru anumite browsere, consulta\u021bi sec\u021biunea de mai jos, intitulat\u0103 Cum se accept\u0103 sau se respinge cookie-urile.<\/p>\n<p><strong>Cookie-uri neesen\u021biale<\/strong><\/p>\n<p><strong>Cookie-urile ter\u021b\u0103 parte<\/strong><\/p>\n<p>P\u0103r\u021bile ter\u021be utilizeaz\u0103 cookie-uri pentru a analiza utilizarea de c\u0103tre dvs. a site-ului nostru \u0219i \/ sau pentru a afi\u0219a reclame (inclusiv reclame ter\u021b\u0103 parte) c\u0103tre dvs., ca parte a instrumentelor noastre de partajare social\u0103 \u0219i a videoclipurilor \u00eencorporate.<\/p>\n<p><strong>Prelucrarea informa\u021biilor despre dvs. con\u021binute \u00een sau ob\u021binute din cookie-urile ter\u021b\u0103 parte<\/strong><\/p>\n<p>Temeiul legal pentru prelucrare: proces\u0103m informa\u021biile despre dvs. con\u021binute \u00een sau ob\u021binute din cookie-urile ter\u021b\u0103 parte \u00een interesele noastre legitime (articolul 6 alineatul (1) litera (f) din Regulamentul General privind Protec\u021bia Datelor).<\/p>\n<p><strong>Interesele legitime:<\/strong>\u00a0scopurile pentru care folosim cookie-urile ter\u021b\u0103 parte a\u0219a cum este descris mai sus.<\/p>\n<p><strong>Temeiul legal pentru prelucrare:<\/strong>\u00a0consim\u021b\u0103m\u00e2ntul (articolul 6 alineatul (1) litera (a) din Regulamentul General privind Protec\u021bia Datelor).<\/p>\n<p><strong>Consim\u021b\u0103m\u00e2ntul:<\/strong>\u00a0v\u0103 da\u021bi consim\u021b\u0103m\u00e2ntul \u00een leg\u0103tur\u0103 cu scopurile pentru care proces\u0103m informa\u021biile dvs. utiliz\u00e2nd cookie-urile ter\u021b\u0103 parte. Pentru informa\u021bii suplimentare despre modul \u00een care folosim informa\u021biile ob\u021binute din utilizarea cookie-urilor ter\u021b\u0103 parte, inclusiv luarea de decizii automate, consulta\u021bi politica de confiden\u021bialitate.<\/p>\n<p><strong>Acceptarea sau respingerea cookie-urilor<\/strong><\/p>\n<p><strong>Set\u0103rile browserului<\/strong><\/p>\n<p>Pute\u021bi accepta sau respinge unele sau toate cookie-urile (de exemplu, blocarea tuturor cookie-urilor ter\u021be) prin modificarea set\u0103rilor browserului. Dac\u0103 nu \u0219ti\u021bi cum s\u0103 face\u021bi acest lucru, link-urile de mai jos afi\u0219eaz\u0103 informa\u021bii despre cum s\u0103 modifica\u021bi set\u0103rile browserului pentru broswerele utilizate cel mai frecvent:<\/p>\n<p>\u2013 Google Chrome:\u00a0<a href=\"https:\/\/support.google.com\/chrome\/answer\/95647?hl=ro\" target=\"_blank\" rel=\"noopener\">https:\/\/support.google.com\/chrome\/answer\/95647?hl=ro<\/a><\/p>\n<p>\u2013 Mozilla Firefox:<\/p>\n<p><a href=\"https:\/\/support.mozilla.org\/en-US\/kb\/delete-browsing-search-download-history-firefox?redirectlocale=en-US&amp;redirectslug=Clear+Recent+History\" target=\"_blank\" rel=\"noopener\">https:\/\/support.mozilla.org\/en-US\/kb\/delete-browsing-search-download-history-firefox?redirectlocale=en-US&amp;redirectslug=Clear+Recent+History<\/a><\/p>\n<p>\u2013 Microsoft Internet Explorer:<\/p>\n<p><a href=\"https:\/\/support.microsoft.com\/en-us\/help\/278835\/how-to-delete-cookie-files-ininternet-explorator\" target=\"_blank\" rel=\"noopener\">https:\/\/support.microsoft.com\/en-us\/help\/278835\/how-to-delete-cookie-files-ininternet-explorator<\/a><\/p>\n<p>\u2013 Apple Safari:\u00a0<a href=\"https:\/\/support.apple.com\/kb\/PH5042?locale=ro_US\" target=\"_blank\" rel=\"noopener\">https:\/\/support.apple.com\/kb\/PH5042?locale=ro_US<\/a><\/p>\n<p>Unele browsere, cum ar fi Chrome \u0219i Firefox, v\u0103 permit s\u0103 v\u0103 modifica\u021bi set\u0103rile \u0219i s\u0103 naviga\u021bi \u00een modul \u201eincognito\u201d, limit\u00e2nd cantitatea de date introduse \u00een dispozitivul dvs. \u0219i \u0219tergerea automat\u0103 a oric\u0103ror cookie-uri persistente introduse pe dispozitiv c\u00e2nd a\u021bi terminat sesiunea de navigare. Exist\u0103, de asemenea, numeroase aplica\u021bii ale unor ter\u021be p\u0103r\u021bi pe care le pute\u021bi utiliza ad\u0103ig\u00e2ndu-le \u00een browserul dvs. pentru a bloca sau gestiona cookie-urile.<\/p>\n<p><strong>Cookie-urile existente<\/strong><\/p>\n<p>Pentru a \u0219terge cookie-urile care au fost deja plasate \u00een browserul dvs., trebuie s\u0103 selecta\u021bi op\u021biunea de \u0219tergere a istoricului navig\u0103rii \u0219i s\u0103 v\u0103 asigura\u021bi c\u0103 op\u021biunea de \u0219tergere a cookie-urilor este inclus\u0103 atunci c\u00e2nd face\u021bi acest lucru.<\/p>\n<p><strong>Set\u0103rile Google Ads<\/strong><\/p>\n<p>Pute\u021bi gestiona \u0219i renun\u021ba la personalizarea anun\u021burilor afi\u0219ate de Google vizit\u00e2nd pagina de set\u0103ri a anun\u021burilor Google aici\u00a0<a href=\"https:\/\/adssettings.google.com\/\" target=\"_blank\" rel=\"noopener\">https:\/\/adssettings.google.com\/<\/a>\u00a0\u0219i prin:<\/p>\n<p>\u2013 deselectarea butonul intitulat \u201eUtiliza\u021bi \u0219i activitatea \u0219i informa\u021biile din contul Google pentru a personaliza anun\u021burile de pe aceste website-uri \u0219i aplica\u021bii \u0219i stocarea datelor \u00een Contul Google \u201e; \u0219i<\/p>\n<p>\u2013 modificarea op\u021biunii \u201ePersonalizare anun\u021buri\u201d (adic\u0103 butonul din partea de sus a paginii este setat \u00een st\u00e2nga \/ gri \u0219i nu \u00een dreapta \/ albastru).<\/p>\n<p>Alternativ, pute\u021bi instala un plugin pentru browser gratuit aici:<\/p>\n<p><a href=\"https:\/\/support.google.com\/ads\/answer\/7395996\" target=\"_blank\" rel=\"noopener\">https:\/\/support.google.com\/ads\/answer\/7395996<\/a><\/p>\n<p><strong>Extensie pentru browser pentru excluderea datelor furnizate c\u0103tre Google Analytics<\/strong><\/p>\n<p>Pute\u021bi s\u0103 renun\u021ba\u021bi la urm\u0103rirea prin Google Analytics instal\u00e2nd extensia pentru browser care este disponibil\u0103 aici:\u00a0<a href=\"http:\/\/tools.google.com\/dlpage\/gaoptout\" target=\"_blank\" rel=\"noopener\">http:\/\/tools.google.com\/dlpage\/gaoptout<\/a><\/p>\n<p><strong>Instrumentul european pentru publicitate digital\u0103 interactiv\u0103<\/strong><\/p>\n<p>Pute\u021bi renun\u021ba la afi\u0219area anun\u021burilor bazate pe interese de c\u0103tre Facebook sau alte companii care fac parte din Alian\u0163a European\u0103 de Advertising Digital, vizit\u00e2nd\u00a0<a href=\"http:\/\/www.youronlinechoices.com\/\" target=\"_blank\" rel=\"noopener\">http:\/\/www.youronlinechoices.com<\/a>\u00a0, select\u00e2nd \u021bara dvs., f\u0103c\u00e2nd clic pe \u201eOp\u021biunile dvs. pentru anun\u021buri\u201d apoi select\u00e2nd Facebook (\u0219i oricare alte companii pe care dori\u021bi s\u0103 le bloca\u021bi) \u0219i select\u00e2nd op\u021biunea \u201eOprit\u201d.[\/vc_column_text][\/vc_column][\/vc_row]<\/p>\n<\/section>","protected":false},"excerpt":{"rendered":"<p>[vc_row][vc_column][vc_column_text]Politica de utilizare cookie-uri Politica de utilizare cookie-uri Aceast\u0103 politic\u0103 pentru utilizarea de cookie-uri stabile\u0219te baza pe care folosim cookie-uri \u0219i tehnologii similare pe sau \u00een leg\u0103tur\u0103 cu site-ul nostru,\u00a0www.optcycling.co.uk. Cookie-urile \u201eesen\u021biale\u201d sunt plasate automat pe computer sau pe dispozitiv atunci c\u00e2nd accesa\u021bi site-ul nostru sau efectua\u021bi anumite ac\u021biuni pe site-ul nostru. Cookie-urile \u201eneesen\u021biale\u201d \u0219i [&hellip;]<\/p>\n","protected":false},"author":1,"featured_media":0,"parent":0,"menu_order":0,"comment_status":"closed","ping_status":"closed","template":"","meta":[],"_links":{"self":[{"href":"https:\/\/optcycling.co.uk\/ro\/wp-json\/wp\/v2\/pages\/12681"}],"collection":[{"href":"https:\/\/optcycling.co.uk\/ro\/wp-json\/wp\/v2\/pages"}],"about":[{"href":"https:\/\/optcycling.co.uk\/ro\/wp-json\/wp\/v2\/types\/page"}],"author":[{"embeddable":true,"href":"https:\/\/optcycling.co.uk\/ro\/wp-json\/wp\/v2\/users\/1"}],"replies":[{"embeddable":true,"href":"https:\/\/optcycling.co.uk\/ro\/wp-json\/wp\/v2\/comments?post=12681"}],"version-history":[{"count":0,"href":"https:\/\/optcycling.co.uk\/ro\/wp-json\/wp\/v2\/pages\/12681\/revisions"}],"wp:attachment":[{"href":"https:\/\/optcycling.co.uk\/ro\/wp-json\/wp\/v2\/media?parent=12681"}],"curies":[{"name":"wp","href":"https:\/\/api.w.org\/{rel}","templated":true}]}}