{"id":565,"date":"2017-11-25T22:13:38","date_gmt":"2017-11-25T22:13:38","guid":{"rendered":"https:\/\/demodata.org\/?page_id=565"},"modified":"2023-07-08T12:22:21","modified_gmt":"2023-07-08T12:22:21","slug":"opt-cycling","status":"publish","type":"page","link":"https:\/\/optcycling.co.uk\/ro\/","title":{"rendered":"Ciclism OPT"},"content":{"rendered":"<section class=\"wpb-content-wrapper\"><p>[vc_row][vc_column]<div id=\"ultimate-heading-84396a06dd1b52592\" class=\"uvc-heading ult-adjust-bottom-margin ultimate-heading-84396a06dd1b52592 uvc-8379 \" data-hspacer=\"no_spacer\"  data-halign=\"center\" style=\"text-align:center\"><div class=\"uvc-heading-spacer no_spacer\" style=\"top\"><\/div><div class=\"uvc-main-heading ult-responsive\"  data-ultimate-target='.uvc-heading.ultimate-heading-84396a06dd1b52592 h3'  data-responsive-json-new='{\"font-size\":\"mobile_landscape:14px;mobile:14px;\",\"line-height\":\"\"}' ><h3 style=\"font-weight:normal;\">Descoper\u0103 gama de produse OPT \u0219i preg\u0103te\u0219te-te s\u0103-\u021bi \u00eembun\u0103t\u0103\u021be\u0219ti performan\u021bele \u00een ciclism!<\/h3><\/div><\/div>[vc_empty_space height=&#8221;20px&#8221;][\/vc_column][\/vc_row][vc_row][vc_column width=&#8221;1\/3&#8243;]<div class=\"ult-new-ib ult-ib-effect-style6 opt-titlu ult-ib-resp  \" data-min-width=\"768\" data-max-width=\"900\" style=\"\" data-opacity=\"1\" data-hover-opacity=\"0.5\" ><img class=\"ult-new-ib-img\" style=\"opacity:1;\" alt=\"null\" src=\"https:\/\/optcycling.co.uk\/wp-content\/uploads\/Produse-TCS.jpg\"   \/><div id=\"interactive-banner-wrap-5686\" class=\"ult-new-ib-desc\" style=\"\"><h2 class=\"ult-new-ib-title ult-responsive\"  data-ultimate-target='#interactive-banner-wrap-5686 .ult-new-ib-title'  data-responsive-json-new='{\"font-size\":\"desktop:44px;\",\"line-height\":\"\"}'  style=\"font-weight:bold;\">MAGAZIN<\/h2><\/div><a class=\"ult-new-ib-link\" href=\"https:\/\/optcycling.co.uk\/\"  ><\/a><\/div><script type=\"text\/javascript\">\r\n\t\t\t(function($){\r\n\t\t\t\t$(document).ready(function(){\r\n\t\t\t\t\t$(\".ult-new-ib\").css(\"opacity\",\"1\");\r\n\t\t\t\t});\r\n\t\t\t})(jQuery);\r\n\t\t\t<\/script>[\/vc_column][vc_column width=&#8221;1\/3&#8243; offset=&#8221;vc_hidden-xs&#8221;]<div class=\"ult-new-ib ult-ib-effect-style6 opt-titlu ult-ib-resp  \" data-min-width=\"768\" data-max-width=\"900\" style=\"\" data-opacity=\"1\" data-hover-opacity=\"0.5\" ><img class=\"ult-new-ib-img\" style=\"opacity:1;\" alt=\"null\" src=\"https:\/\/optcycling.co.uk\/wp-content\/uploads\/KitBuilder.jpg\"   \/><div id=\"interactive-banner-wrap-6758\" class=\"ult-new-ib-desc\" style=\"\"><h2 class=\"ult-new-ib-title ult-responsive\"  data-ultimate-target='#interactive-banner-wrap-6758 .ult-new-ib-title'  data-responsive-json-new='{\"font-size\":\"desktop:44px;\",\"line-height\":\"\"}'  style=\"font-weight:bold;\">CONFIGURATOR<\/h2><\/div><a class=\"ult-new-ib-link\" href=\"https:\/\/optcycling.co.uk\/custom\/#\/products\/tricou-ciclism-opt\"  ><\/a><\/div><script type=\"text\/javascript\">\r\n\t\t\t(function($){\r\n\t\t\t\t$(document).ready(function(){\r\n\t\t\t\t\t$(\".ult-new-ib\").css(\"opacity\",\"1\");\r\n\t\t\t\t});\r\n\t\t\t})(jQuery);\r\n\t\t\t<\/script>[\/vc_column][vc_column width=&#8221;1\/3&#8243; offset=&#8221;vc_hidden-xs&#8221;]<div class=\"ult-new-ib ult-ib-effect-style6 opt-titlu ult-ib-resp  \" data-min-width=\"768\" data-max-width=\"900\" style=\"\" data-opacity=\"1\" data-hover-opacity=\"0.5\" ><img class=\"ult-new-ib-img\" style=\"opacity:1;\" alt=\"null\" src=\"https:\/\/optcycling.co.uk\/wp-content\/uploads\/Ready-to-race-1.jpg\"   \/><div id=\"interactive-banner-wrap-8824\" class=\"ult-new-ib-desc\" style=\"\"><h2 class=\"ult-new-ib-title ult-responsive\"  data-ultimate-target='#interactive-banner-wrap-8824 .ult-new-ib-title'  data-responsive-json-new='{\"font-size\":\"desktop:44px;\",\"line-height\":\"\"}'  style=\"font-weight:bold;\">DESPRE NOI<\/h2><\/div><a class=\"ult-new-ib-link\" href=\"https:\/\/optcycling.co.uk\/despre-noi\/\"  ><\/a><\/div><script type=\"text\/javascript\">\r\n\t\t\t(function($){\r\n\t\t\t\t$(document).ready(function(){\r\n\t\t\t\t\t$(\".ult-new-ib\").css(\"opacity\",\"1\");\r\n\t\t\t\t});\r\n\t\t\t})(jQuery);\r\n\t\t\t<\/script>[\/vc_column][\/vc_row][vc_row][vc_column][vc_column_text]<strong>Echipamentele de ciclism OPT au fost lansate \u00een 2014 de Tudor Oprea<\/strong>, unul din cei mai titra\u021bi rideri de mountain bike din Rom\u00e2nia. Tudor Oprea este primul rom\u00e2n participant la Jocurile Olimpice \u00een disciplina de mountain bike \u0219i are \u00een palmares 13 titluri de Campion Na\u021bional al Rom\u00e2niei la mountain bike cross country.<\/p>\n<p>OPT produce o gam\u0103 variant\u0103 de echipamente pentru ciclism \u0219i \u00eempreun\u0103 cu sportivii pe care \u00eei sus\u021binem \u0219i cu tehnicienii no\u0219tri, num\u0103rul de produse oferite este \u00een continu\u0103 cre\u0219tere.<\/p>\n<p>Avem \u00een gam\u0103 echipamente dedicate profesioni\u0219tilor, dar \u0219i produse potrivite pentru entuzia\u0219tii acestui sport \u0219i suntem \u00een continu\u0103 cercetare pentru a ne adapta nevoilor celor care se dau cu bicicleta, dar \u0219i ultimelor tendin\u021be din domeniu.[\/vc_column_text][\/vc_column][\/vc_row]<\/p>\n<\/section>","protected":false},"excerpt":{"rendered":"<p>[vc_row][vc_column][vc_empty_space height=&#8221;20px&#8221;][\/vc_column][\/vc_row][vc_row][vc_column width=&#8221;1\/3&#8243;][\/vc_column][vc_column width=&#8221;1\/3&#8243; offset=&#8221;vc_hidden-xs&#8221;][\/vc_column][vc_column width=&#8221;1\/3&#8243; offset=&#8221;vc_hidden-xs&#8221;][\/vc_column][\/vc_row][vc_row][vc_column][vc_column_text]Echipamentele de ciclism OPT au fost lansate \u00een 2014 de Tudor Oprea, unul din cei mai titra\u021bi rideri de mountain bike din Rom\u00e2nia. Tudor Oprea este primul rom\u00e2n participant la Jocurile Olimpice \u00een disciplina de mountain bike \u0219i are \u00een palmares 13 titluri de Campion Na\u021bional al Rom\u00e2niei la [&hellip;]<\/p>\n","protected":false},"author":1,"featured_media":0,"parent":0,"menu_order":0,"comment_status":"closed","ping_status":"closed","template":"","meta":[],"_links":{"self":[{"href":"https:\/\/optcycling.co.uk\/ro\/wp-json\/wp\/v2\/pages\/565"}],"collection":[{"href":"https:\/\/optcycling.co.uk\/ro\/wp-json\/wp\/v2\/pages"}],"about":[{"href":"https:\/\/optcycling.co.uk\/ro\/wp-json\/wp\/v2\/types\/page"}],"author":[{"embeddable":true,"href":"https:\/\/optcycling.co.uk\/ro\/wp-json\/wp\/v2\/users\/1"}],"replies":[{"embeddable":true,"href":"https:\/\/optcycling.co.uk\/ro\/wp-json\/wp\/v2\/comments?post=565"}],"version-history":[{"count":3,"href":"https:\/\/optcycling.co.uk\/ro\/wp-json\/wp\/v2\/pages\/565\/revisions"}],"predecessor-version":[{"id":13498,"href":"https:\/\/optcycling.co.uk\/ro\/wp-json\/wp\/v2\/pages\/565\/revisions\/13498"}],"wp:attachment":[{"href":"https:\/\/optcycling.co.uk\/ro\/wp-json\/wp\/v2\/media?parent=565"}],"curies":[{"name":"wp","href":"https:\/\/api.w.org\/{rel}","templated":true}]}}