{"id":589,"date":"2017-11-25T22:23:11","date_gmt":"2017-11-25T22:23:11","guid":{"rendered":"https:\/\/demodata.org\/?page_id=589"},"modified":"2023-07-09T11:31:34","modified_gmt":"2023-07-09T11:31:34","slug":"despre-noi","status":"publish","type":"page","link":"https:\/\/optcycling.co.uk\/ro\/despre-noi\/","title":{"rendered":"Despre noi"},"content":{"rendered":"<section class=\"wpb-content-wrapper\"><p>[vc_row][vc_column width=&#8221;1\/3&#8243;][vc_video link=&#8221;https:\/\/www.youtube.com\/watch?v=8a5pHWIZUCM&#8221; align=&#8221;center&#8221;][\/vc_column][vc_column width=&#8221;2\/3&#8243;][vc_column_text]<\/p>\n<p id=\"tw-target-text\" class=\"tw-data-text tw-text-large tw-ta\" dir=\"ltr\" data-placeholder=\"Translation\"><span class=\"Y2IQFc\" lang=\"en\"><span style=\"font-size: 14px;\"><span style=\"font-size: 16px;\">Din pasiune pentru sport, am dezvoltat acest serviciu exclusiv de personalizare a echipamentelor sportive. Serviciul se adreseaz\u0103 echipelor care concureaz\u0103 \u00een ligi profesioniste, dar \u0219i echipelor de amatori care practic\u0103 sportul de pl\u0103cere. Tocmai pentru a putea acoperi aceasta gama larga de nevoi, am construit echipamente care sustin performanta sportivilor profesionisti, din materiale de calitate, pentru a asigura nivelul optim de confort. Am \u00eenceput s\u0103 construim echipamente sportive personalizate \u00een 1994 \u0219i de atunci am evoluat cu tehnologia grafic\u0103 digital\u0103 pentru a oferi servicii personalizate de cea mai \u00eenalt\u0103 calitate. Totodat\u0103, am actualizat constant modul \u00een care sunt proiectate echipamentele sportive, folosind cele mai noi materiale \u0219i croieli, construite pentru a oferi un confort optim care s\u0103 sus\u021bin\u0103 performan\u021ba sportivilor profesioni\u0219ti.<\/span> <\/span><\/span><\/p>\n<p>[\/vc_column_text][\/vc_column][\/vc_row][vc_row][vc_column][vc_column_text]<\/p>\n<p id=\"tw-target-text\" class=\"tw-data-text tw-text-large tw-ta\" dir=\"ltr\" data-placeholder=\"Translation\"><span class=\"Y2IQFc\" lang=\"en\">Fiecare echip\u0103, fiecare club sportiv trebuie s\u0103 aib\u0103 o identitate vizual\u0103 puternic\u0103 pentru a reu\u0219i s\u0103 construiasc\u0103 rela\u021bii puternice cu suporterii. Pentru a ajuta cluburile \u00een acest demers, punem la dispozi\u021bie expertiza noastr\u0103 tehnic\u0103 \u0219i echipamentele de care dispunem pentru a sus\u021bine pe deplin spiritul creativ al managerilor de imagine ai cluburilor sportive care apeleaz\u0103 la serviciul nostru de echipamente personalizate.<\/span><\/p>\n<p dir=\"ltr\" data-placeholder=\"Translation\">\n<p id=\"tw-target-text\" class=\"tw-data-text tw-text-large tw-ta\" dir=\"ltr\" data-placeholder=\"Translation\"><span class=\"Y2IQFc\" lang=\"en\">Echipamentul personalizat este o necesitate pentru un sportiv profesionist, insa pentru un amator, care practica sport de placere, pentru a se mentine in forma fizica, un astfel de echipament poate deveni un puternic element motivational care sa incurajeze miscarea. Odat\u0103 \u00eembr\u0103cat, echipamentul personalizat d\u0103 senza\u021bia de performan\u021b\u0103, te \u00eencurajeaz\u0103 s\u0103-\u021bi dep\u0103\u0219e\u0219ti limitele \u0219i cre\u0219te pl\u0103cerea de a practica sportul preferat. Nu \u00een ultimul r\u00e2nd, va oferi sportivului amator confortul ideal pentru a putea performa la capacitate maxim\u0103.<\/span><\/p>\n<p id=\"tw-target-text\" class=\"tw-data-text tw-text-large tw-ta\" dir=\"ltr\" data-placeholder=\"Translation\"><span class=\"Y2IQFc\" lang=\"en\">Ofera sportivilor profesionisti conditiile optime pentru a atinge performanta si ajuta-ti prietenii sa redescopere bucuria practicarii unui sport! Fii creativ, construie\u0219te echipamente sportive cu un impact vizual puternic!<\/span><\/p>\n<p>[\/vc_column_text][\/vc_column][\/vc_row]<\/p>\n<\/section>","protected":false},"excerpt":{"rendered":"<p>[vc_row][vc_column width=&#8221;1\/3&#8243;][vc_video link=&#8221;https:\/\/www.youtube.com\/watch?v=8a5pHWIZUCM&#8221; align=&#8221;center&#8221;][\/vc_column][vc_column width=&#8221;2\/3&#8243;][vc_column_text] Din pasiune pentru sport, am dezvoltat acest serviciu exclusiv de personalizare a echipamentelor sportive. Serviciul se adreseaz\u0103 echipelor care concureaz\u0103 \u00een ligi profesioniste, dar \u0219i echipelor de amatori care practic\u0103 sportul de pl\u0103cere. Tocmai pentru a putea acoperi aceasta gama larga de nevoi, am construit echipamente care sustin performanta sportivilor [&hellip;]<\/p>\n","protected":false},"author":1,"featured_media":0,"parent":0,"menu_order":0,"comment_status":"closed","ping_status":"closed","template":"","meta":[],"_links":{"self":[{"href":"https:\/\/optcycling.co.uk\/ro\/wp-json\/wp\/v2\/pages\/589"}],"collection":[{"href":"https:\/\/optcycling.co.uk\/ro\/wp-json\/wp\/v2\/pages"}],"about":[{"href":"https:\/\/optcycling.co.uk\/ro\/wp-json\/wp\/v2\/types\/page"}],"author":[{"embeddable":true,"href":"https:\/\/optcycling.co.uk\/ro\/wp-json\/wp\/v2\/users\/1"}],"replies":[{"embeddable":true,"href":"https:\/\/optcycling.co.uk\/ro\/wp-json\/wp\/v2\/comments?post=589"}],"version-history":[{"count":3,"href":"https:\/\/optcycling.co.uk\/ro\/wp-json\/wp\/v2\/pages\/589\/revisions"}],"predecessor-version":[{"id":13552,"href":"https:\/\/optcycling.co.uk\/ro\/wp-json\/wp\/v2\/pages\/589\/revisions\/13552"}],"wp:attachment":[{"href":"https:\/\/optcycling.co.uk\/ro\/wp-json\/wp\/v2\/media?parent=589"}],"curies":[{"name":"wp","href":"https:\/\/api.w.org\/{rel}","templated":true}]}}