{"id":604,"date":"2017-11-25T22:24:06","date_gmt":"2017-11-25T22:24:06","guid":{"rendered":"https:\/\/demodata.org\/?page_id=604"},"modified":"2023-07-08T12:22:28","modified_gmt":"2023-07-08T12:22:28","slug":"incalzitoare-pentru-picioare","status":"publish","type":"page","link":"https:\/\/optcycling.co.uk\/ro\/incalzitoare-pentru-picioare\/","title":{"rendered":"\u00cenc\u0103lzitoare pentru picioare"},"content":{"rendered":"<section class=\"wpb-content-wrapper\"><p>[vc_row][vc_column width=&#8221;1\/2&#8243;][vc_single_image image=&#8221;8614&#8243; img_size=&#8221;full&#8221; alignment=&#8221;center&#8221; onclick=&#8221;img_link_large&#8221;][\/vc_column][vc_column width=&#8221;1\/2&#8243;][vc_single_image image=&#8221;8615&#8243; img_size=&#8221;full&#8221; alignment=&#8221;center&#8221; onclick=&#8221;img_link_large&#8221;][\/vc_column][\/vc_row][vc_row][vc_column]<div id=\"ultimate-heading-17376a04ad9d6fa8b\" class=\"uvc-heading ult-adjust-bottom-margin ultimate-heading-17376a04ad9d6fa8b uvc-5537 \" data-hspacer=\"line_only\"  data-halign=\"left\" style=\"text-align:left\"><div class=\"uvc-main-heading ult-responsive\"  data-ultimate-target='.uvc-heading.ultimate-heading-17376a04ad9d6fa8b h2'  data-responsive-json-new='{\"font-size\":\"\",\"line-height\":\"\"}' ><h2 style=\"font-weight:normal;\">Prezentare<\/h2><\/div><div class=\"uvc-heading-spacer line_only\" style=\"topheight:1px;\"><span class=\"uvc-headings-line\" style=\"border-style:solid;border-bottom-width:1px;border-color:#ccc;width:autopx;\"><\/span><\/div><\/div><div class=\"ult-spacer spacer-6a04ad9d6fbd0\" data-id=\"6a04ad9d6fbd0\" data-height=\"20\" data-height-mobile=\"20\" data-height-tab=\"20\" data-height-tab-portrait=\"\" data-height-mobile-landscape=\"\" style=\"clear:both;display:block;\"><\/div>[vc_column_text]\u00cenc\u0103lzitoarele pentru picioare sunt produse din material fleece cu propriet\u0103\u021bi termice, cu un fermoar de 20cm \u00een partea de jos pentru le putea trage cu u\u0219urin\u021b\u0103 chiar \u0219i peste pantofi. Sunt u\u0219oare, confortabile \u0219i te protejeaz\u0103 de frig.[\/vc_column_text][\/vc_column][\/vc_row][vc_row][vc_column width=&#8221;1\/3&#8243;]<div id=\"highlight-box-wrap-1987\"  data-ultimate-target='#highlight-box-wrap-1987'  data-responsive-json-new='{\"font-size\":\"desktop:32px;\",\"line-height\":\"\"}'  class=\"ultimate-call-to-action ult-adjust-bottom-margin  ctaction-text-center ult-responsive\" style=\"font-weight:normal;color:#ffffff;background:#0088cc;padding-top:20px;padding-bottom:20px;\"  data-background=\"#0088cc\"  data-background-hover=\"rgba(0,136,204,0.5)\"  data-override=\"0\" ><div class=\"ultimate-ctaction-icon ctaction-icon-right-push\"><div class=\"ult-just-icon-wrapper  \"><div class=\"align-icon\" style=\"text-align:center;\">\n<div class=\"aio-icon none \"  style=\"font-size:32px;display:inline-block;\">\n\t<i class=\"Defaults-cloud-download\"><\/i>\n<\/div><\/div><\/div><\/div><div class=\"uvc-ctaction-data uvc-ctaction-data-right-push ult-responsive\">Tabel de m\u0103rimi<\/div><a class=\"ulimate-call-to-action-link\" href=\"https:\/\/optcycling.co.uk\/wp-content\/uploads\/Tabel-de-marimi-Incalzitoare-pentru-picioare.png\" title=\"Tabel de m\u0103rimi\" ><\/a><\/div>[\/vc_column][vc_column width=&#8221;1\/3&#8243;]<div id=\"highlight-box-wrap-6403\"  data-ultimate-target='#highlight-box-wrap-6403'  data-responsive-json-new='{\"font-size\":\"desktop:32px;\",\"line-height\":\"\"}'  class=\"ultimate-call-to-action ult-adjust-bottom-margin  ctaction-text-center ult-responsive\" style=\"font-weight:normal;color:#ffffff;background:#0088cc;padding-top:20px;padding-bottom:20px;\"  data-background=\"#0088cc\"  data-background-hover=\"rgba(0,136,204,0.5)\"  data-override=\"0\" ><div class=\"ultimate-ctaction-icon ctaction-icon-right-push\"><div class=\"ult-just-icon-wrapper  \"><div class=\"align-icon\" style=\"text-align:center;\">\n<div class=\"aio-icon none \"  style=\"font-size:32px;display:inline-block;\">\n\t<i class=\"Defaults-cloud-download\"><\/i>\n<\/div><\/div><\/div><\/div><div class=\"uvc-ctaction-data uvc-ctaction-data-right-push ult-responsive\">\u0218abloane<\/div><a class=\"ulimate-call-to-action-link\" href=\"https:\/\/optcycling.co.uk\/sabloane\/\" title=\"Sabloane\" ><\/a><\/div>[\/vc_column][vc_column width=&#8221;1\/3&#8243;]<div id=\"highlight-box-wrap-1316\"  data-ultimate-target='#highlight-box-wrap-1316'  data-responsive-json-new='{\"font-size\":\"desktop:32px;\",\"line-height\":\"\"}'  class=\"ultimate-call-to-action ult-adjust-bottom-margin  ctaction-text-center ult-responsive\" style=\"font-weight:normal;color:#ffffff;background:#0088cc;padding-top:20px;padding-bottom:20px;\"  data-background=\"#0088cc\"  data-background-hover=\"rgba(0,136,204,0.5)\"  data-override=\"0\" ><div class=\"ultimate-ctaction-icon ctaction-icon-right-push\"><div class=\"ult-just-icon-wrapper  \"><div class=\"align-icon\" style=\"text-align:center;\">\n<div class=\"aio-icon none \"  style=\"font-size:32px;display:inline-block;\">\n\t<i class=\"Defaults-image photo picture-o\"><\/i>\n<\/div><\/div><\/div><\/div><div class=\"uvc-ctaction-data uvc-ctaction-data-right-push ult-responsive\">Galerie<\/div><a class=\"ulimate-call-to-action-link\" href=\"https:\/\/optcycling.co.uk\/portofoliu\/\" title=\"Portofoliu\" ><\/a><\/div>[\/vc_column][\/vc_row]<\/p>\n<\/section>","protected":false},"excerpt":{"rendered":"<p>[vc_row][vc_column width=&#8221;1\/2&#8243;][vc_single_image image=&#8221;8614&#8243; img_size=&#8221;full&#8221; alignment=&#8221;center&#8221; onclick=&#8221;img_link_large&#8221;][\/vc_column][vc_column width=&#8221;1\/2&#8243;][vc_single_image image=&#8221;8615&#8243; img_size=&#8221;full&#8221; alignment=&#8221;center&#8221; onclick=&#8221;img_link_large&#8221;][\/vc_column][\/vc_row][vc_row][vc_column][vc_column_text]\u00cenc\u0103lzitoarele pentru picioare sunt produse din material fleece cu propriet\u0103\u021bi termice, cu un fermoar de 20cm \u00een partea de jos pentru le putea trage cu u\u0219urin\u021b\u0103 chiar \u0219i peste pantofi. Sunt u\u0219oare, confortabile \u0219i te protejeaz\u0103 de frig.[\/vc_column_text][\/vc_column][\/vc_row][vc_row][vc_column width=&#8221;1\/3&#8243;][\/vc_column][vc_column width=&#8221;1\/3&#8243;][\/vc_column][vc_column width=&#8221;1\/3&#8243;][\/vc_column][\/vc_row]<\/p>\n","protected":false},"author":1,"featured_media":0,"parent":0,"menu_order":0,"comment_status":"closed","ping_status":"closed","template":"","meta":[],"_links":{"self":[{"href":"https:\/\/optcycling.co.uk\/ro\/wp-json\/wp\/v2\/pages\/604"}],"collection":[{"href":"https:\/\/optcycling.co.uk\/ro\/wp-json\/wp\/v2\/pages"}],"about":[{"href":"https:\/\/optcycling.co.uk\/ro\/wp-json\/wp\/v2\/types\/page"}],"author":[{"embeddable":true,"href":"https:\/\/optcycling.co.uk\/ro\/wp-json\/wp\/v2\/users\/1"}],"replies":[{"embeddable":true,"href":"https:\/\/optcycling.co.uk\/ro\/wp-json\/wp\/v2\/comments?post=604"}],"version-history":[{"count":2,"href":"https:\/\/optcycling.co.uk\/ro\/wp-json\/wp\/v2\/pages\/604\/revisions"}],"predecessor-version":[{"id":13513,"href":"https:\/\/optcycling.co.uk\/ro\/wp-json\/wp\/v2\/pages\/604\/revisions\/13513"}],"wp:attachment":[{"href":"https:\/\/optcycling.co.uk\/ro\/wp-json\/wp\/v2\/media?parent=604"}],"curies":[{"name":"wp","href":"https:\/\/api.w.org\/{rel}","templated":true}]}}