{"id":608,"date":"2017-11-25T22:24:31","date_gmt":"2017-11-25T22:24:31","guid":{"rendered":"https:\/\/demodata.org\/?page_id=608"},"modified":"2023-07-08T12:22:24","modified_gmt":"2023-07-08T12:22:24","slug":"jacheta-de-iarna-anti-vant","status":"publish","type":"page","link":"https:\/\/optcycling.co.uk\/ro\/jacheta-de-iarna-anti-vant\/","title":{"rendered":"Jachet\u0103 de iarn\u0103 anti-v\u00e2nt"},"content":{"rendered":"<section class=\"wpb-content-wrapper\"><p>[vc_row][vc_column width=&#8221;1\/2&#8243;][vc_single_image image=&#8221;8438&#8243; img_size=&#8221;full&#8221; alignment=&#8221;center&#8221; onclick=&#8221;img_link_large&#8221;][\/vc_column][vc_column width=&#8221;1\/2&#8243;][vc_single_image image=&#8221;8439&#8243; img_size=&#8221;full&#8221; alignment=&#8221;center&#8221; onclick=&#8221;img_link_large&#8221;][\/vc_column][\/vc_row][vc_row][vc_column width=&#8221;1\/3&#8243;]<div id=\"highlight-box-wrap-7301\"  data-ultimate-target='#highlight-box-wrap-7301'  data-responsive-json-new='{\"font-size\":\"desktop:32px;\",\"line-height\":\"\"}'  class=\"ultimate-call-to-action ult-adjust-bottom-margin  ctaction-text-center ult-responsive\" style=\"font-weight:normal;color:#ffffff;background:#0088cc;padding-top:20px;padding-bottom:20px;\"  data-background=\"#0088cc\"  data-background-hover=\"rgba(0,136,204,0.5)\"  data-override=\"0\" ><div class=\"ultimate-ctaction-icon ctaction-icon-right-push\"><div class=\"ult-just-icon-wrapper  \"><div class=\"align-icon\" style=\"text-align:center;\">\n<div class=\"aio-icon none \"  style=\"font-size:32px;display:inline-block;\">\n\t<i class=\"Defaults-cloud-download\"><\/i>\n<\/div><\/div><\/div><\/div><div class=\"uvc-ctaction-data uvc-ctaction-data-right-push ult-responsive\">Tabel de m\u0103rimi<\/div><a class=\"ulimate-call-to-action-link\" href=\"https:\/\/optcycling.co.uk\/wp-content\/uploads\/Tabel-de-marimi-Jacheta.png\" title=\"Tabel de m\u0103rimi\" ><\/a><\/div>[\/vc_column][vc_column width=&#8221;1\/3&#8243;]<div id=\"highlight-box-wrap-2832\"  data-ultimate-target='#highlight-box-wrap-2832'  data-responsive-json-new='{\"font-size\":\"desktop:32px;\",\"line-height\":\"\"}'  class=\"ultimate-call-to-action ult-adjust-bottom-margin  ctaction-text-center ult-responsive\" style=\"font-weight:normal;color:#ffffff;background:#0088cc;padding-top:20px;padding-bottom:20px;\"  data-background=\"#0088cc\"  data-background-hover=\"rgba(0,136,204,0.5)\"  data-override=\"0\" ><div class=\"ultimate-ctaction-icon ctaction-icon-right-push\"><div class=\"ult-just-icon-wrapper  \"><div class=\"align-icon\" style=\"text-align:center;\">\n<div class=\"aio-icon none \"  style=\"font-size:32px;display:inline-block;\">\n\t<i class=\"Defaults-cloud-download\"><\/i>\n<\/div><\/div><\/div><\/div><div class=\"uvc-ctaction-data uvc-ctaction-data-right-push ult-responsive\">\u0218abloane<\/div><a class=\"ulimate-call-to-action-link\" href=\"https:\/\/optcycling.co.uk\/sabloane\/\" title=\"Sabloane\" ><\/a><\/div>[\/vc_column][vc_column width=&#8221;1\/3&#8243;]<div id=\"highlight-box-wrap-4340\"  data-ultimate-target='#highlight-box-wrap-4340'  data-responsive-json-new='{\"font-size\":\"desktop:32px;\",\"line-height\":\"\"}'  class=\"ultimate-call-to-action ult-adjust-bottom-margin  ctaction-text-center ult-responsive\" style=\"font-weight:normal;color:#ffffff;background:#0088cc;padding-top:20px;padding-bottom:20px;\"  data-background=\"#0088cc\"  data-background-hover=\"rgba(0,136,204,0.5)\"  data-override=\"0\" ><div class=\"ultimate-ctaction-icon ctaction-icon-right-push\"><div class=\"ult-just-icon-wrapper  \"><div class=\"align-icon\" style=\"text-align:center;\">\n<div class=\"aio-icon none \"  style=\"font-size:32px;display:inline-block;\">\n\t<i class=\"Defaults-image photo picture-o\"><\/i>\n<\/div><\/div><\/div><\/div><div class=\"uvc-ctaction-data uvc-ctaction-data-right-push ult-responsive\">Galerie<\/div><a class=\"ulimate-call-to-action-link\" href=\"https:\/\/optcycling.co.uk\/portofoliu\/\" title=\"Portofoliu\" ><\/a><\/div>[\/vc_column][\/vc_row][vc_row][vc_column]<div id=\"ultimate-heading-37026a04adbbcafc9\" class=\"uvc-heading ult-adjust-bottom-margin ultimate-heading-37026a04adbbcafc9 uvc-864 \" data-hspacer=\"line_only\"  data-halign=\"left\" style=\"text-align:left\"><div class=\"uvc-main-heading ult-responsive\"  data-ultimate-target='.uvc-heading.ultimate-heading-37026a04adbbcafc9 h2'  data-responsive-json-new='{\"font-size\":\"\",\"line-height\":\"\"}' ><h2 style=\"font-weight:normal;\">Prezentare<\/h2><\/div><div class=\"uvc-heading-spacer line_only\" style=\"topheight:1px;\"><span class=\"uvc-headings-line\" style=\"border-style:solid;border-bottom-width:1px;border-color:#ccc;width:autopx;\"><\/span><\/div><\/div><div class=\"ult-spacer spacer-6a04adbbcb02f\" data-id=\"6a04adbbcb02f\" data-height=\"20\" data-height-mobile=\"20\" data-height-tab=\"20\" data-height-tab-portrait=\"\" data-height-mobile-landscape=\"\" style=\"clear:both;display:block;\"><\/div>[vc_column_text]Dac\u0103 pedalezi la temperaturi sc\u0103zute \u00een lunile de iarn\u0103, ai obligatoriu nevoie de aceast\u0103 jachet\u0103. \u00cen urma experien\u021belor mai multor sportivi obi\u0219nui\u021bi s\u0103 pedaleze \u00een perioadele reci, am ad\u0103ugat jachetei de iarn\u0103, tot felul de detalii menite s\u0103 sporeasc\u0103 confortul.<\/p>\n<p>Realizat\u0103 din 4 materiale pentru a oferi cea mai bun\u0103 combina\u021bie \u00eentre func\u021bionalitate \u0219i aspect:<\/p>\n<ul>\n<li>Ofer\u0103 protec\u021bie la frig \u0219i la v\u00e2nt prin tehnologia KOL-SPORT Winter&amp;Water Stop.<\/li>\n<li>Fermoar marca YKK, pentru o durabilitate ridicat\u0103.<\/li>\n<li>Elemente reflectorizante pentru siguran\u021b\u0103 optim\u0103.<\/li>\n<li>3 buzunare + un buzunar suplimentar waterproof cu fermoar.<\/li>\n<\/ul>\n<p>[\/vc_column_text][\/vc_column][\/vc_row][vc_row][vc_column]<div id=\"ultimate-heading-63716a04adbbcb094\" class=\"uvc-heading ult-adjust-bottom-margin ultimate-heading-63716a04adbbcb094 uvc-616 \" data-hspacer=\"line_only\"  data-halign=\"left\" style=\"text-align:left\"><div class=\"uvc-main-heading ult-responsive\"  data-ultimate-target='.uvc-heading.ultimate-heading-63716a04adbbcb094 h2'  data-responsive-json-new='{\"font-size\":\"\",\"line-height\":\"\"}' ><h2 style=\"font-weight:normal;\">Materiale<\/h2><\/div><div class=\"uvc-heading-spacer line_only\" style=\"topheight:1px;\"><span class=\"uvc-headings-line\" style=\"border-style:solid;border-bottom-width:1px;border-color:#ccc;width:autopx;\"><\/span><\/div><\/div><div class=\"ult-spacer spacer-6a04adbbcb0ef\" data-id=\"6a04adbbcb0ef\" data-height=\"20\" data-height-mobile=\"20\" data-height-tab=\"20\" data-height-tab-portrait=\"\" data-height-mobile-landscape=\"\" style=\"clear:both;display:block;\"><\/div>[\/vc_column][\/vc_row][vc_row][vc_column width=&#8221;1\/4&#8243;]<div class=\"porto-image-frame \"><div class=\"thumb-info thumb-info-hide-wrapper-bg\"><span class=\"thumb-info-wrapper\"><img alt=\"\" src=\"\/\/optcycling.co.uk\/wp-content\/uploads\/Jacheta-fata.png\" class=\"img-responsive\" width=\"600\" height=\"600\"><\/span><\/div><\/div>[\/vc_column][vc_column width=&#8221;1\/4&#8243;]<div class=\"porto-image-frame \"><div class=\"thumb-info thumb-info-hide-wrapper-bg\"><span class=\"thumb-info-wrapper\"><img alt=\"\" src=\"\/\/optcycling.co.uk\/wp-content\/uploads\/Jacheta-panou.png\" class=\"img-responsive\" width=\"600\" height=\"600\"><\/span><\/div><\/div>[\/vc_column][vc_column width=&#8221;1\/4&#8243;]<div class=\"porto-image-frame \"><div class=\"thumb-info thumb-info-hide-wrapper-bg\"><span class=\"thumb-info-wrapper\"><img alt=\"\" src=\"\/\/optcycling.co.uk\/wp-content\/uploads\/Jacheta-buzunar.png\" class=\"img-responsive\" width=\"600\" height=\"600\"><\/span><\/div><\/div>[\/vc_column][vc_column width=&#8221;1\/4&#8243;]<div class=\"porto-image-frame \"><div class=\"thumb-info thumb-info-hide-wrapper-bg\"><span class=\"thumb-info-wrapper\"><img alt=\"\" src=\"\/\/optcycling.co.uk\/wp-content\/uploads\/Jacheta-interior.png\" class=\"img-responsive\" width=\"600\" height=\"600\"><\/span><\/div><\/div>[\/vc_column][\/vc_row]<\/p>\n<\/section>","protected":false},"excerpt":{"rendered":"<p>[vc_row][vc_column width=&#8221;1\/2&#8243;][vc_single_image image=&#8221;8438&#8243; img_size=&#8221;full&#8221; alignment=&#8221;center&#8221; onclick=&#8221;img_link_large&#8221;][\/vc_column][vc_column width=&#8221;1\/2&#8243;][vc_single_image image=&#8221;8439&#8243; img_size=&#8221;full&#8221; alignment=&#8221;center&#8221; onclick=&#8221;img_link_large&#8221;][\/vc_column][\/vc_row][vc_row][vc_column width=&#8221;1\/3&#8243;][\/vc_column][vc_column width=&#8221;1\/3&#8243;][\/vc_column][vc_column width=&#8221;1\/3&#8243;][\/vc_column][\/vc_row][vc_row][vc_column][vc_column_text]Dac\u0103 pedalezi la temperaturi sc\u0103zute \u00een lunile de iarn\u0103, ai obligatoriu nevoie de aceast\u0103 jachet\u0103. \u00cen urma experien\u021belor mai multor sportivi obi\u0219nui\u021bi s\u0103 pedaleze \u00een perioadele reci, am ad\u0103ugat jachetei de iarn\u0103, tot felul de detalii menite s\u0103 sporeasc\u0103 confortul. Realizat\u0103 din [&hellip;]<\/p>\n","protected":false},"author":1,"featured_media":0,"parent":0,"menu_order":0,"comment_status":"closed","ping_status":"closed","template":"","meta":[],"_links":{"self":[{"href":"https:\/\/optcycling.co.uk\/ro\/wp-json\/wp\/v2\/pages\/608"}],"collection":[{"href":"https:\/\/optcycling.co.uk\/ro\/wp-json\/wp\/v2\/pages"}],"about":[{"href":"https:\/\/optcycling.co.uk\/ro\/wp-json\/wp\/v2\/types\/page"}],"author":[{"embeddable":true,"href":"https:\/\/optcycling.co.uk\/ro\/wp-json\/wp\/v2\/users\/1"}],"replies":[{"embeddable":true,"href":"https:\/\/optcycling.co.uk\/ro\/wp-json\/wp\/v2\/comments?post=608"}],"version-history":[{"count":3,"href":"https:\/\/optcycling.co.uk\/ro\/wp-json\/wp\/v2\/pages\/608\/revisions"}],"predecessor-version":[{"id":13503,"href":"https:\/\/optcycling.co.uk\/ro\/wp-json\/wp\/v2\/pages\/608\/revisions\/13503"}],"wp:attachment":[{"href":"https:\/\/optcycling.co.uk\/ro\/wp-json\/wp\/v2\/media?parent=608"}],"curies":[{"name":"wp","href":"https:\/\/api.w.org\/{rel}","templated":true}]}}