{"id":624,"date":"2017-11-25T22:25:35","date_gmt":"2017-11-25T22:25:35","guid":{"rendered":"https:\/\/demodata.org\/?page_id=624"},"modified":"2023-07-08T12:22:36","modified_gmt":"2023-07-08T12:22:36","slug":"produse-opt","status":"publish","type":"page","link":"https:\/\/optcycling.co.uk\/ro\/produse-opt\/","title":{"rendered":"Echipament Ciclism Personalizat"},"content":{"rendered":"<section class=\"wpb-content-wrapper\"><p>[vc_row][vc_column][vc_column_text]<\/p>\n<h4 style=\"text-align: center;\">OPT produce o gam\u0103 variant\u0103 de echipamente pentru ciclism \u0219i alergare. \u00cempreun\u0103 cu sportivii pe care \u00eei sus\u021binem \u0219i cu tehnicienii no\u0219tri, num\u0103rul de produse pe care le oferim este \u00een continu\u0103 cre\u0219tere.<\/h4>\n<p>[\/vc_column_text][vc_single_image image=&#8221;1035&#8243; img_size=&#8221;medium&#8221; alignment=&#8221;center&#8221; onclick=&#8221;img_link_large&#8221; label=&#8221;&#8221;][vc_column_text]<\/p>\n<h4 style=\"text-align: center;\">Pentru informa\u021bii despre realizarea echipamentelor personalizate, v\u0103 rug\u0103m s\u0103 ne contacta\u021bi prin e-mail la adresa <a href=\"mailto:info@optcycling.co.uk\">info@optcycling.co.uk<\/a>. Sau ne pute\u021bi trimite un mesaj folosind formularul din pagina de <a href=\"https:\/\/optcycling.co.uk\/ro\/contact\/\">contact<\/a>.<\/h4>\n<p>[\/vc_column_text][\/vc_column][\/vc_row][vc_row][vc_column width=&#8221;1\/4&#8243;]\n<div id=\"interactive-banner-1-wrap-6131\" class=\"ult-banner-block ult-adjust-bottom-margin ult-bb-box  banner-style12 \"   style=\"\">\n\t<img src=\"https:\/\/optcycling.co.uk\/wp-content\/uploads\/Elite-Plus-fata.jpg\" alt=\"null\">\n\t<h3  data-ultimate-target='#interactive-banner-1-wrap-6131 .bb-top-title '  data-responsive-json-new='{\"font-size\":\"\",\"line-height\":\"\"}'  class=\"title-center bb-top-title ult-responsive\" style=\"font-weight:normal;background:#242424;color:#ffffff;\">Tricou m\u00e2nec\u0103 scurt\u0103 ELITE PLUS<\/h3>\n\t<div class=\"mask opaque-background\" style=\"background:rgba(0,0,0,0.2);\">\n\t\t<div  data-ultimate-target='#interactive-banner-1-wrap-6131 .bb-description'  data-responsive-json-new='{\"font-size\":\"\",\"line-height\":\"\"}'  class=\"bb-description ult-responsive\" style=\"font-weight:normal;color:#ffffff;\"><\/div>\n\t<\/div><a class=\"bb-link\" href=\"https:\/\/optcycling.co.uk\/tricou-maneca-scurta-elite-plus\/\" title=\"Tricou m\u00e2nec\u0103 scurt\u0103 ELITE PLUS\" ><\/a>\n<\/div>[\/vc_column][vc_column width=&#8221;1\/4&#8243;]\n<div id=\"interactive-banner-1-wrap-2812\" class=\"ult-banner-block ult-adjust-bottom-margin ult-bb-box  banner-style12 \"   style=\"\">\n\t<img src=\"https:\/\/optcycling.co.uk\/wp-content\/uploads\/Elite-fata.jpg\" alt=\"null\">\n\t<h3  data-ultimate-target='#interactive-banner-1-wrap-2812 .bb-top-title '  data-responsive-json-new='{\"font-size\":\"\",\"line-height\":\"\"}'  class=\"title-center bb-top-title ult-responsive\" style=\"font-weight:normal;background:#242424;color:#ffffff;\">Tricou m\u00e2nec\u0103 scurt\u0103 ELITE<\/h3>\n\t<div class=\"mask opaque-background\" style=\"background:rgba(0,0,0,0.2);\">\n\t\t<div  data-ultimate-target='#interactive-banner-1-wrap-2812 .bb-description'  data-responsive-json-new='{\"font-size\":\"\",\"line-height\":\"\"}'  class=\"bb-description ult-responsive\" style=\"font-weight:normal;color:#ffffff;\"><\/div>\n\t<\/div><a class=\"bb-link\" href=\"https:\/\/optcycling.co.uk\/tricou-maneca-scurta-elite\/\" title=\"Tricou m\u00e2nec\u0103 scurt\u0103 ELITE\" ><\/a>\n<\/div>[\/vc_column][vc_column width=&#8221;1\/4&#8243;]\n<div id=\"interactive-banner-1-wrap-8653\" class=\"ult-banner-block ult-adjust-bottom-margin ult-bb-box  banner-style12 \"   style=\"\">\n\t<img src=\"https:\/\/optcycling.co.uk\/wp-content\/uploads\/Tricou-TEAM-fata.jpg\" alt=\"null\">\n\t<h3  data-ultimate-target='#interactive-banner-1-wrap-8653 .bb-top-title '  data-responsive-json-new='{\"font-size\":\"\",\"line-height\":\"\"}'  class=\"title-center bb-top-title ult-responsive\" style=\"font-weight:normal;background:#242424;color:#ffffff;\">Tricou m\u00e2nec\u0103 scurt\u0103 ECHIPA<\/h3>\n\t<div class=\"mask opaque-background\" style=\"background:rgba(0,0,0,0.2);\">\n\t\t<div  data-ultimate-target='#interactive-banner-1-wrap-8653 .bb-description'  data-responsive-json-new='{\"font-size\":\"\",\"line-height\":\"\"}'  class=\"bb-description ult-responsive\" style=\"font-weight:normal;color:#ffffff;\"><\/div>\n\t<\/div><a class=\"bb-link\" href=\"https:\/\/optcycling.co.uk\/tricou-maneca-scurta-team\/\" title=\"Tricou m\u00e2nec\u0103 scurt\u0103 TEAM\" ><\/a>\n<\/div>[\/vc_column][vc_column width=&#8221;1\/4&#8243;]\n<div id=\"interactive-banner-1-wrap-1448\" class=\"ult-banner-block ult-adjust-bottom-margin ult-bb-box  banner-style12 \"   style=\"\">\n\t<img src=\"https:\/\/optcycling.co.uk\/wp-content\/uploads\/Comp-fata.jpg\" alt=\"null\">\n\t<h3  data-ultimate-target='#interactive-banner-1-wrap-1448 .bb-top-title '  data-responsive-json-new='{\"font-size\":\"\",\"line-height\":\"\"}'  class=\"title-center bb-top-title ult-responsive\" style=\"font-weight:normal;background:#242424;color:#ffffff;\">Tricou m\u00e2nec\u0103 scurt\u0103 COMP<\/h3>\n\t<div class=\"mask opaque-background\" style=\"background:rgba(0,0,0,0.2);\">\n\t\t<div  data-ultimate-target='#interactive-banner-1-wrap-1448 .bb-description'  data-responsive-json-new='{\"font-size\":\"\",\"line-height\":\"\"}'  class=\"bb-description ult-responsive\" style=\"font-weight:normal;color:#ffffff;\"><\/div>\n\t<\/div><a class=\"bb-link\" href=\"https:\/\/optcycling.co.uk\/tricou-maneca-scurta-comp\/\" title=\"Tricou m\u00e2nec\u0103 scurt\u0103 COMP\" ><\/a>\n<\/div>[\/vc_column][\/vc_row][vc_row][vc_column width=&#8221;1\/4&#8243;]\n<div id=\"interactive-banner-1-wrap-2105\" class=\"ult-banner-block ult-adjust-bottom-margin ult-bb-box  banner-style12 \"   style=\"\">\n\t<img src=\"https:\/\/optcycling.co.uk\/wp-content\/uploads\/Bluza-fata.jpg\" alt=\"null\">\n\t<h3  data-ultimate-target='#interactive-banner-1-wrap-2105 .bb-top-title '  data-responsive-json-new='{\"font-size\":\"\",\"line-height\":\"\"}'  class=\"title-center bb-top-title ult-responsive\" style=\"font-weight:normal;background:#242424;color:#ffffff;\">Tricou m\u00e2nec\u0103 lung\u0103<\/h3>\n\t<div class=\"mask opaque-background\" style=\"background:rgba(0,0,0,0.2);\">\n\t\t<div  data-ultimate-target='#interactive-banner-1-wrap-2105 .bb-description'  data-responsive-json-new='{\"font-size\":\"\",\"line-height\":\"\"}'  class=\"bb-description ult-responsive\" style=\"font-weight:normal;color:#ffffff;\"><\/div>\n\t<\/div><a class=\"bb-link\" href=\"https:\/\/optcycling.co.uk\/tricou-maneca-lunga-2\/\" title=\"Tricou m\u00e2nec\u0103 lung\u0103\" ><\/a>\n<\/div>[\/vc_column][vc_column width=&#8221;1\/4&#8243;]\n<div id=\"interactive-banner-1-wrap-9816\" class=\"ult-banner-block ult-adjust-bottom-margin ult-bb-box  banner-style12 \"   style=\"\">\n\t<img src=\"https:\/\/optcycling.co.uk\/wp-content\/uploads\/Vesta-fata.jpg\" alt=\"null\">\n\t<h3  data-ultimate-target='#interactive-banner-1-wrap-9816 .bb-top-title '  data-responsive-json-new='{\"font-size\":\"\",\"line-height\":\"\"}'  class=\"title-center bb-top-title ult-responsive\" style=\"font-weight:normal;background:#242424;color:#ffffff;\">Vest\u0103 anti-v\u00e2nt<\/h3>\n\t<div class=\"mask opaque-background\" style=\"background:rgba(0,0,0,0.2);\">\n\t\t<div  data-ultimate-target='#interactive-banner-1-wrap-9816 .bb-description'  data-responsive-json-new='{\"font-size\":\"\",\"line-height\":\"\"}'  class=\"bb-description ult-responsive\" style=\"font-weight:normal;color:#ffffff;\"><\/div>\n\t<\/div><a class=\"bb-link\" href=\"https:\/\/optcycling.co.uk\/vesta-anti-vant\/\" title=\"Vest\u0103 anti-v\u00e2nt\" ><\/a>\n<\/div>[\/vc_column][vc_column width=&#8221;1\/4&#8243;]\n<div id=\"interactive-banner-1-wrap-8963\" class=\"ult-banner-block ult-adjust-bottom-margin ult-bb-box  banner-style12 \"   style=\"\">\n\t<img src=\"https:\/\/optcycling.co.uk\/wp-content\/uploads\/Jacheta-fata.jpg\" alt=\"null\">\n\t<h3  data-ultimate-target='#interactive-banner-1-wrap-8963 .bb-top-title '  data-responsive-json-new='{\"font-size\":\"\",\"line-height\":\"\"}'  class=\"title-center bb-top-title ult-responsive\" style=\"font-weight:normal;background:#242424;color:#ffffff;\">Jachet\u0103 de iarn\u0103 anti-v\u00e2nt<\/h3>\n\t<div class=\"mask opaque-background\" style=\"background:rgba(0,0,0,0.2);\">\n\t\t<div  data-ultimate-target='#interactive-banner-1-wrap-8963 .bb-description'  data-responsive-json-new='{\"font-size\":\"\",\"line-height\":\"\"}'  class=\"bb-description ult-responsive\" style=\"font-weight:normal;color:#ffffff;\"><\/div>\n\t<\/div><a class=\"bb-link\" href=\"https:\/\/optcycling.co.uk\/jacheta-de-iarna-anti-vant\/\" title=\"Jachet\u0103 de iarn\u0103 anti-v\u00e2nt\" ><\/a>\n<\/div>[\/vc_column][vc_column width=&#8221;1\/4&#8243;]\n<div id=\"interactive-banner-1-wrap-9983\" class=\"ult-banner-block ult-adjust-bottom-margin ult-bb-box  banner-style12 \"   style=\"\">\n\t<img src=\"https:\/\/optcycling.co.uk\/wp-content\/uploads\/Bluza-Downhill-fata.jpg\" alt=\"null\">\n\t<h3  data-ultimate-target='#interactive-banner-1-wrap-9983 .bb-top-title '  data-responsive-json-new='{\"font-size\":\"\",\"line-height\":\"\"}'  class=\"title-center bb-top-title ult-responsive\" style=\"font-weight:normal;background:#242424;color:#ffffff;\">Tricou Cobor\u00e2re\/Enduro<\/h3>\n\t<div class=\"mask opaque-background\" style=\"background:rgba(0,0,0,0.2);\">\n\t\t<div  data-ultimate-target='#interactive-banner-1-wrap-9983 .bb-description'  data-responsive-json-new='{\"font-size\":\"\",\"line-height\":\"\"}'  class=\"bb-description ult-responsive\" style=\"font-weight:normal;color:#ffffff;\"><\/div>\n\t<\/div><a class=\"bb-link\" href=\"https:\/\/optcycling.co.uk\/tricou-downhill-enduro\/\" title=\"Tricou Downhill\/Enduro\" ><\/a>\n<\/div>[\/vc_column][\/vc_row][vc_row][vc_column width=&#8221;1\/4&#8243;]\n<div id=\"interactive-banner-1-wrap-7611\" class=\"ult-banner-block ult-adjust-bottom-margin ult-bb-box  banner-style12 \"   style=\"\">\n\t<img src=\"https:\/\/optcycling.co.uk\/wp-content\/uploads\/Short-team-1.jpg\" alt=\"null\">\n\t<h3  data-ultimate-target='#interactive-banner-1-wrap-7611 .bb-top-title '  data-responsive-json-new='{\"font-size\":\"\",\"line-height\":\"\"}'  class=\"title-center bb-top-title ult-responsive\" style=\"font-weight:normal;background:#242424;color:#ffffff;\">Pantaloni scur\u021bi ECHIPA<\/h3>\n\t<div class=\"mask opaque-background\" style=\"background:rgba(0,0,0,0.2);\">\n\t\t<div  data-ultimate-target='#interactive-banner-1-wrap-7611 .bb-description'  data-responsive-json-new='{\"font-size\":\"\",\"line-height\":\"\"}'  class=\"bb-description ult-responsive\" style=\"font-weight:normal;color:#ffffff;\"><\/div>\n\t<\/div><a class=\"bb-link\" href=\"https:\/\/optcycling.co.uk\/pantaloni-scurti-team\/\" title=\"Pantaloni scur\u021bi TEAM\" ><\/a>\n<\/div>[\/vc_column][vc_column width=&#8221;1\/4&#8243;]\n<div id=\"interactive-banner-1-wrap-5478\" class=\"ult-banner-block ult-adjust-bottom-margin ult-bb-box  banner-style12 \"   style=\"\">\n\t<img src=\"https:\/\/optcycling.co.uk\/wp-content\/uploads\/Short-comp-1.jpg\" alt=\"null\">\n\t<h3  data-ultimate-target='#interactive-banner-1-wrap-5478 .bb-top-title '  data-responsive-json-new='{\"font-size\":\"\",\"line-height\":\"\"}'  class=\"title-center bb-top-title ult-responsive\" style=\"font-weight:normal;background:#242424;color:#ffffff;\">Pantaloni scur\u021bi COMP<\/h3>\n\t<div class=\"mask opaque-background\" style=\"background:rgba(0,0,0,0.2);\">\n\t\t<div  data-ultimate-target='#interactive-banner-1-wrap-5478 .bb-description'  data-responsive-json-new='{\"font-size\":\"\",\"line-height\":\"\"}'  class=\"bb-description ult-responsive\" style=\"font-weight:normal;color:#ffffff;\"><\/div>\n\t<\/div><a class=\"bb-link\" href=\"https:\/\/optcycling.co.uk\/pantaloni-scurti-comp\/\" title=\"Pantaloni scur\u021bi COMP\" ><\/a>\n<\/div>[\/vc_column][vc_column width=&#8221;1\/4&#8243;]\n<div id=\"interactive-banner-1-wrap-4215\" class=\"ult-banner-block ult-adjust-bottom-margin ult-bb-box  banner-style12 \"   style=\"\">\n\t<img src=\"https:\/\/optcycling.co.uk\/wp-content\/uploads\/Pantaloni-lungi-1.jpg\" alt=\"null\">\n\t<h3  data-ultimate-target='#interactive-banner-1-wrap-4215 .bb-top-title '  data-responsive-json-new='{\"font-size\":\"\",\"line-height\":\"\"}'  class=\"title-center bb-top-title ult-responsive\" style=\"font-weight:normal;background:#242424;color:#ffffff;\">Pantaloni lungi<\/h3>\n\t<div class=\"mask opaque-background\" style=\"background:rgba(0,0,0,0.2);\">\n\t\t<div  data-ultimate-target='#interactive-banner-1-wrap-4215 .bb-description'  data-responsive-json-new='{\"font-size\":\"\",\"line-height\":\"\"}'  class=\"bb-description ult-responsive\" style=\"font-weight:normal;color:#ffffff;\"><\/div>\n\t<\/div><a class=\"bb-link\" href=\"https:\/\/optcycling.co.uk\/pantaloni-lungi-2\/\" title=\"Pantaloni lungi\" ><\/a>\n<\/div>[\/vc_column][vc_column width=&#8221;1\/4&#8243;]\n<div id=\"interactive-banner-1-wrap-1327\" class=\"ult-banner-block ult-adjust-bottom-margin ult-bb-box  banner-style12 \"   style=\"\">\n\t<img src=\"https:\/\/optcycling.co.uk\/wp-content\/uploads\/Pantaloni-lungi-1.jpg\" alt=\"null\">\n\t<h3  data-ultimate-target='#interactive-banner-1-wrap-1327 .bb-top-title '  data-responsive-json-new='{\"font-size\":\"\",\"line-height\":\"\"}'  class=\"title-center bb-top-title ult-responsive\" style=\"font-weight:normal;background:#242424;color:#ffffff;\">Pantaloni lungi de iarn\u0103 anti-v\u00e2nt<\/h3>\n\t<div class=\"mask opaque-background\" style=\"background:rgba(0,0,0,0.2);\">\n\t\t<div  data-ultimate-target='#interactive-banner-1-wrap-1327 .bb-description'  data-responsive-json-new='{\"font-size\":\"\",\"line-height\":\"\"}'  class=\"bb-description ult-responsive\" style=\"font-weight:normal;color:#ffffff;\"><\/div>\n\t<\/div><a class=\"bb-link\" href=\"https:\/\/optcycling.co.uk\/pantaloni-lungi-de-iarna-anti-vant\/\" title=\"Pantaloni lungi de iarn\u0103 anti-v\u00e2nt\" ><\/a>\n<\/div>[\/vc_column][\/vc_row][vc_row][vc_column width=&#8221;1\/4&#8243;]\n<div id=\"interactive-banner-1-wrap-7993\" class=\"ult-banner-block ult-adjust-bottom-margin ult-bb-box  banner-style12 \"   style=\"\">\n\t<img src=\"https:\/\/optcycling.co.uk\/wp-content\/uploads\/Combinezon-fata.jpg\" alt=\"null\">\n\t<h3  data-ultimate-target='#interactive-banner-1-wrap-7993 .bb-top-title '  data-responsive-json-new='{\"font-size\":\"\",\"line-height\":\"\"}'  class=\"title-center bb-top-title ult-responsive\" style=\"font-weight:normal;background:#242424;color:#ffffff;\">Combinezon Contratimp<\/h3>\n\t<div class=\"mask opaque-background\" style=\"background:rgba(0,0,0,0.2);\">\n\t\t<div  data-ultimate-target='#interactive-banner-1-wrap-7993 .bb-description'  data-responsive-json-new='{\"font-size\":\"\",\"line-height\":\"\"}'  class=\"bb-description ult-responsive\" style=\"font-weight:normal;color:#ffffff;\"><\/div>\n\t<\/div><a class=\"bb-link\" href=\"https:\/\/optcycling.co.uk\/combinezon-contratimp\/\" title=\"Combinezon Contratimp\" ><\/a>\n<\/div>[\/vc_column][vc_column width=&#8221;1\/4&#8243;]\n<div id=\"interactive-banner-1-wrap-7418\" class=\"ult-banner-block ult-adjust-bottom-margin ult-bb-box  banner-style12 \"   style=\"\">\n\t<img src=\"https:\/\/optcycling.co.uk\/wp-content\/uploads\/Incalzitoare-brate-1.jpg\" alt=\"null\">\n\t<h3  data-ultimate-target='#interactive-banner-1-wrap-7418 .bb-top-title '  data-responsive-json-new='{\"font-size\":\"\",\"line-height\":\"\"}'  class=\"title-center bb-top-title ult-responsive\" style=\"font-weight:normal;background:#242424;color:#ffffff;\">\u00cenc\u0103lzitoare pentru bra\u021be<\/h3>\n\t<div class=\"mask opaque-background\" style=\"background:rgba(0,0,0,0.2);\">\n\t\t<div  data-ultimate-target='#interactive-banner-1-wrap-7418 .bb-description'  data-responsive-json-new='{\"font-size\":\"\",\"line-height\":\"\"}'  class=\"bb-description ult-responsive\" style=\"font-weight:normal;color:#ffffff;\"><\/div>\n\t<\/div><a class=\"bb-link\" href=\"https:\/\/optcycling.co.uk\/incalzitoare-pentru-brate\/\" title=\"\u00cenc\u0103lzitoare pentru bra\u021be\" ><\/a>\n<\/div>[\/vc_column][vc_column width=&#8221;1\/4&#8243;]\n<div id=\"interactive-banner-1-wrap-6724\" class=\"ult-banner-block ult-adjust-bottom-margin ult-bb-box  banner-style12 \"   style=\"\">\n\t<img src=\"https:\/\/optcycling.co.uk\/wp-content\/uploads\/Incalzitoare-picioare-1.jpg\" alt=\"null\">\n\t<h3  data-ultimate-target='#interactive-banner-1-wrap-6724 .bb-top-title '  data-responsive-json-new='{\"font-size\":\"\",\"line-height\":\"\"}'  class=\"title-center bb-top-title ult-responsive\" style=\"font-weight:normal;background:#242424;color:#ffffff;\">\u00cenc\u0103lzitoare pentru picioare<\/h3>\n\t<div class=\"mask opaque-background\" style=\"background:rgba(0,0,0,0.2);\">\n\t\t<div  data-ultimate-target='#interactive-banner-1-wrap-6724 .bb-description'  data-responsive-json-new='{\"font-size\":\"\",\"line-height\":\"\"}'  class=\"bb-description ult-responsive\" style=\"font-weight:normal;color:#ffffff;\"><\/div>\n\t<\/div><a class=\"bb-link\" href=\"https:\/\/optcycling.co.uk\/incalzitoare-pentru-picioare\/\" title=\"\u00cenc\u0103lzitoare pentru picioare\" ><\/a>\n<\/div>[\/vc_column][vc_column width=&#8221;1\/4&#8243;]\n<div id=\"interactive-banner-1-wrap-8097\" class=\"ult-banner-block ult-adjust-bottom-margin ult-bb-box  banner-style12 \"   style=\"\">\n\t<img src=\"https:\/\/optcycling.co.uk\/wp-content\/uploads\/Huse-pentru-pantofi.jpg\" alt=\"null\">\n\t<h3  data-ultimate-target='#interactive-banner-1-wrap-8097 .bb-top-title '  data-responsive-json-new='{\"font-size\":\"\",\"line-height\":\"\"}'  class=\"title-center bb-top-title ult-responsive\" style=\"font-weight:normal;background:#242424;color:#ffffff;\">Huse pentru pantofi<\/h3>\n\t<div class=\"mask opaque-background\" style=\"background:rgba(0,0,0,0.2);\">\n\t\t<div  data-ultimate-target='#interactive-banner-1-wrap-8097 .bb-description'  data-responsive-json-new='{\"font-size\":\"\",\"line-height\":\"\"}'  class=\"bb-description ult-responsive\" style=\"font-weight:normal;color:#ffffff;\"><\/div>\n\t<\/div><a class=\"bb-link\" href=\"https:\/\/optcycling.co.uk\/huse-pentru-pantofi\/\" title=\"Huse pentru pantofi\" ><\/a>\n<\/div>[\/vc_column][\/vc_row][vc_row][vc_column width=&#8221;1\/4&#8243;][\/vc_column][vc_column width=&#8221;1\/4&#8243;]\n<div id=\"interactive-banner-1-wrap-5363\" class=\"ult-banner-block ult-adjust-bottom-margin ult-bb-box  banner-style12 \"   style=\"\">\n\t<img src=\"https:\/\/optcycling.co.uk\/wp-content\/uploads\/Caciula-2.jpg\" alt=\"null\">\n\t<h3  data-ultimate-target='#interactive-banner-1-wrap-5363 .bb-top-title '  data-responsive-json-new='{\"font-size\":\"\",\"line-height\":\"\"}'  class=\"title-center bb-top-title ult-responsive\" style=\"font-weight:normal;background:#242424;color:#ffffff;\">C\u0103ciul\u0103<\/h3>\n\t<div class=\"mask opaque-background\" style=\"background:rgba(0,0,0,0.2);\">\n\t\t<div  data-ultimate-target='#interactive-banner-1-wrap-5363 .bb-description'  data-responsive-json-new='{\"font-size\":\"\",\"line-height\":\"\"}'  class=\"bb-description ult-responsive\" style=\"font-weight:normal;color:#ffffff;\"><\/div>\n\t<\/div><a class=\"bb-link\" href=\"https:\/\/optcycling.co.uk\/caciula-ciclism\/\" title=\"C\u0103ciul\u0103\" ><\/a>\n<\/div>[\/vc_column][vc_column width=&#8221;1\/4&#8243;]\n<div id=\"interactive-banner-1-wrap-8410\" class=\"ult-banner-block ult-adjust-bottom-margin ult-bb-box  banner-style12 \"   style=\"\">\n\t<img src=\"https:\/\/optcycling.co.uk\/wp-content\/uploads\/Esarfa-2.jpg\" alt=\"null\">\n\t<h3  data-ultimate-target='#interactive-banner-1-wrap-8410 .bb-top-title '  data-responsive-json-new='{\"font-size\":\"\",\"line-height\":\"\"}'  class=\"title-center bb-top-title ult-responsive\" style=\"font-weight:normal;background:#242424;color:#ffffff;\">E\u0219arf\u0103 tubular\u0103<\/h3>\n\t<div class=\"mask opaque-background\" style=\"background:rgba(0,0,0,0.2);\">\n\t\t<div  data-ultimate-target='#interactive-banner-1-wrap-8410 .bb-description'  data-responsive-json-new='{\"font-size\":\"\",\"line-height\":\"\"}'  class=\"bb-description ult-responsive\" style=\"font-weight:normal;color:#ffffff;\"><\/div>\n\t<\/div><a class=\"bb-link\" href=\"https:\/\/optcycling.co.uk\/esarfa-tubulara\/\" title=\"E\u0219arf\u0103 tubular\u0103\" ><\/a>\n<\/div>[\/vc_column][vc_column width=&#8221;1\/4&#8243;][\/vc_column][\/vc_row]<\/p>\n<\/section>","protected":false},"excerpt":{"rendered":"<p>[vc_row][vc_column][vc_column_text] OPT produce o gam\u0103 variant\u0103 de echipamente pentru ciclism \u0219i alergare. \u00cempreun\u0103 cu sportivii pe care \u00eei sus\u021binem \u0219i cu tehnicienii no\u0219tri, num\u0103rul de produse pe care le oferim este \u00een continu\u0103 cre\u0219tere. [\/vc_column_text][vc_single_image image=&#8221;1035&#8243; img_size=&#8221;medium&#8221; alignment=&#8221;center&#8221; onclick=&#8221;img_link_large&#8221; label=&#8221;&#8221;][vc_column_text] Pentru informa\u021bii despre realizarea echipamentelor personalizate, v\u0103 rug\u0103m s\u0103 ne contacta\u021bi prin e-mail la adresa [&hellip;]<\/p>\n","protected":false},"author":1,"featured_media":0,"parent":0,"menu_order":0,"comment_status":"closed","ping_status":"closed","template":"","meta":[],"_links":{"self":[{"href":"https:\/\/optcycling.co.uk\/ro\/wp-json\/wp\/v2\/pages\/624"}],"collection":[{"href":"https:\/\/optcycling.co.uk\/ro\/wp-json\/wp\/v2\/pages"}],"about":[{"href":"https:\/\/optcycling.co.uk\/ro\/wp-json\/wp\/v2\/types\/page"}],"author":[{"embeddable":true,"href":"https:\/\/optcycling.co.uk\/ro\/wp-json\/wp\/v2\/users\/1"}],"replies":[{"embeddable":true,"href":"https:\/\/optcycling.co.uk\/ro\/wp-json\/wp\/v2\/comments?post=624"}],"version-history":[{"count":2,"href":"https:\/\/optcycling.co.uk\/ro\/wp-json\/wp\/v2\/pages\/624\/revisions"}],"predecessor-version":[{"id":13537,"href":"https:\/\/optcycling.co.uk\/ro\/wp-json\/wp\/v2\/pages\/624\/revisions\/13537"}],"wp:attachment":[{"href":"https:\/\/optcycling.co.uk\/ro\/wp-json\/wp\/v2\/media?parent=624"}],"curies":[{"name":"wp","href":"https:\/\/api.w.org\/{rel}","templated":true}]}}