{"id":629,"date":"2017-11-25T22:25:56","date_gmt":"2017-11-25T22:25:56","guid":{"rendered":"https:\/\/demodata.org\/?page_id=629"},"modified":"2022-03-11T15:36:39","modified_gmt":"2022-03-11T15:36:39","slug":"sabloane","status":"publish","type":"page","link":"https:\/\/optcycling.co.uk\/ro\/sabloane\/","title":{"rendered":"Sabloane"},"content":{"rendered":"<section class=\"wpb-content-wrapper\"><p>[vc_row bg_type=&#8221;bg_color&#8221;][vc_column width=&#8221;1\/3&#8243;]<div id=\"highlight-box-wrap-8699\"  data-ultimate-target='#highlight-box-wrap-8699'  data-responsive-json-new='{\"font-size\":\"desktop:20px;\",\"line-height\":\"\"}'  class=\"ultimate-call-to-action ult-adjust-bottom-margin  ctaction-text-center ult-responsive\" style=\"font-weight:normal;color:#ffffff;background:#0088cc;padding-top:20px;padding-bottom:20px;\"  data-background=\"#0088cc\"  data-background-hover=\"rgba(0,136,204,0.5)\"  data-override=\"0\" ><div class=\"ultimate-ctaction-icon ctaction-icon-right-push\"><div class=\"ult-just-icon-wrapper  \"><div class=\"align-icon\" style=\"text-align:center;\">\n<div class=\"aio-icon none \"  style=\"font-size:32px;display:inline-block;\">\n\t<i class=\"Defaults-cloud-download\"><\/i>\n<\/div><\/div><\/div><\/div><div class=\"uvc-ctaction-data uvc-ctaction-data-right-push ult-responsive\">Tricou m\u00e2nec\u0103 scurt\u0103 ELITE+<\/div><a class=\"ulimate-call-to-action-link\" href=\"https:\/\/optcycling.co.uk\/wp-content\/uploads\/Tricou-maneca-scurta-ELITE-1.pdf\" ><\/a><\/div><div id=\"highlight-box-wrap-8556\"  data-ultimate-target='#highlight-box-wrap-8556'  data-responsive-json-new='{\"font-size\":\"desktop:20px;\",\"line-height\":\"\"}'  class=\"ultimate-call-to-action ult-adjust-bottom-margin  ctaction-text-center ult-responsive\" style=\"font-weight:normal;color:#ffffff;background:#0088cc;padding-top:20px;padding-bottom:20px;\"  data-background=\"#0088cc\"  data-background-hover=\"rgba(0,136,204,0.5)\"  data-override=\"0\" ><div class=\"ultimate-ctaction-icon ctaction-icon-right-push\"><div class=\"ult-just-icon-wrapper  \"><div class=\"align-icon\" style=\"text-align:center;\">\n<div class=\"aio-icon none \"  style=\"font-size:32px;display:inline-block;\">\n\t<i class=\"Defaults-cloud-download\"><\/i>\n<\/div><\/div><\/div><\/div><div class=\"uvc-ctaction-data uvc-ctaction-data-right-push ult-responsive\">Tricou m\u00e2nec\u0103 scurt\u0103 COMP<\/div><a class=\"ulimate-call-to-action-link\" href=\"https:\/\/optcycling.co.uk\/wp-content\/uploads\/Tricou-maneca-scurta-COMP.pdf\" ><\/a><\/div><div id=\"highlight-box-wrap-2595\"  data-ultimate-target='#highlight-box-wrap-2595'  data-responsive-json-new='{\"font-size\":\"desktop:20px;\",\"line-height\":\"\"}'  class=\"ultimate-call-to-action ult-adjust-bottom-margin  ctaction-text-center ult-responsive\" style=\"font-weight:normal;color:#ffffff;background:#0088cc;padding-top:20px;padding-bottom:20px;\"  data-background=\"#0088cc\"  data-background-hover=\"rgba(0,136,204,0.5)\"  data-override=\"0\" ><div class=\"ultimate-ctaction-icon ctaction-icon-right-push\"><div class=\"ult-just-icon-wrapper  \"><div class=\"align-icon\" style=\"text-align:center;\">\n<div class=\"aio-icon none \"  style=\"font-size:32px;display:inline-block;\">\n\t<i class=\"Defaults-cloud-download\"><\/i>\n<\/div><\/div><\/div><\/div><div class=\"uvc-ctaction-data uvc-ctaction-data-right-push ult-responsive\">Tricou maneca scurta CLASSIC<\/div><a class=\"ulimate-call-to-action-link\" href=\"https:\/\/optcycling.co.uk\/wp-content\/uploads\/Tricou-maneca-scurta-CLASSIC.pdf\" ><\/a><\/div><div id=\"highlight-box-wrap-4384\"  data-ultimate-target='#highlight-box-wrap-4384'  data-responsive-json-new='{\"font-size\":\"desktop:20px;\",\"line-height\":\"\"}'  class=\"ultimate-call-to-action ult-adjust-bottom-margin  ctaction-text-center ult-responsive\" style=\"font-weight:normal;color:#ffffff;background:#0088cc;padding-top:20px;padding-bottom:20px;\"  data-background=\"#0088cc\"  data-background-hover=\"rgba(0,136,204,0.5)\"  data-override=\"0\" ><div class=\"ultimate-ctaction-icon ctaction-icon-right-push\"><div class=\"ult-just-icon-wrapper  \"><div class=\"align-icon\" style=\"text-align:center;\">\n<div class=\"aio-icon none \"  style=\"font-size:32px;display:inline-block;\">\n\t<i class=\"Defaults-cloud-download\"><\/i>\n<\/div><\/div><\/div><\/div><div class=\"uvc-ctaction-data uvc-ctaction-data-right-push ult-responsive\">Jachet\u0103 de iarn\u0103 anti-v\u00e2nt<\/div><a class=\"ulimate-call-to-action-link\" href=\"https:\/\/optcycling.co.uk\/wp-content\/uploads\/Jacheta-de-iarna-anti-vant.pdf\" ><\/a><\/div><div id=\"highlight-box-wrap-4074\"  data-ultimate-target='#highlight-box-wrap-4074'  data-responsive-json-new='{\"font-size\":\"desktop:20px;\",\"line-height\":\"\"}'  class=\"ultimate-call-to-action ult-adjust-bottom-margin  ctaction-text-center ult-responsive\" style=\"font-weight:normal;color:#ffffff;background:#0088cc;padding-top:20px;padding-bottom:20px;\"  data-background=\"#0088cc\"  data-background-hover=\"rgba(0,136,204,0.5)\"  data-override=\"0\" ><div class=\"ultimate-ctaction-icon ctaction-icon-right-push\"><div class=\"ult-just-icon-wrapper  \"><div class=\"align-icon\" style=\"text-align:center;\">\n<div class=\"aio-icon none \"  style=\"font-size:32px;display:inline-block;\">\n\t<i class=\"Defaults-cloud-download\"><\/i>\n<\/div><\/div><\/div><\/div><div class=\"uvc-ctaction-data uvc-ctaction-data-right-push ult-responsive\">Pantaloni scur\u021bi COMP<\/div><a class=\"ulimate-call-to-action-link\" href=\"https:\/\/optcycling.co.uk\/wp-content\/uploads\/Pantaloni-scurti-COMP.pdf\" ><\/a><\/div><div id=\"highlight-box-wrap-2495\"  data-ultimate-target='#highlight-box-wrap-2495'  data-responsive-json-new='{\"font-size\":\"desktop:20px;\",\"line-height\":\"\"}'  class=\"ultimate-call-to-action ult-adjust-bottom-margin  ctaction-text-center ult-responsive\" style=\"font-weight:normal;color:#ffffff;background:#0088cc;padding-top:20px;padding-bottom:20px;\"  data-background=\"#0088cc\"  data-background-hover=\"rgba(0,136,204,0.5)\"  data-override=\"0\" ><div class=\"ultimate-ctaction-icon ctaction-icon-right-push\"><div class=\"ult-just-icon-wrapper  \"><div class=\"align-icon\" style=\"text-align:center;\">\n<div class=\"aio-icon none \"  style=\"font-size:32px;display:inline-block;\">\n\t<i class=\"Defaults-cloud-download\"><\/i>\n<\/div><\/div><\/div><\/div><div class=\"uvc-ctaction-data uvc-ctaction-data-right-push ult-responsive\">\u00cenc\u0103lzitoare pentru bra\u021be<\/div><a class=\"ulimate-call-to-action-link\" href=\"https:\/\/optcycling.co.uk\/wp-content\/uploads\/Incalzitoare-pentru-brate.pdf\" ><\/a><\/div>[\/vc_column][vc_column width=&#8221;1\/3&#8243;]<div id=\"highlight-box-wrap-6172\"  data-ultimate-target='#highlight-box-wrap-6172'  data-responsive-json-new='{\"font-size\":\"desktop:20px;\",\"line-height\":\"\"}'  class=\"ultimate-call-to-action ult-adjust-bottom-margin  ctaction-text-center ult-responsive\" style=\"font-weight:normal;color:#ffffff;background:#0088cc;padding-top:20px;padding-bottom:20px;\"  data-background=\"#0088cc\"  data-background-hover=\"rgba(0,136,204,0.5)\"  data-override=\"0\" ><div class=\"ultimate-ctaction-icon ctaction-icon-right-push\"><div class=\"ult-just-icon-wrapper  \"><div class=\"align-icon\" style=\"text-align:center;\">\n<div class=\"aio-icon none \"  style=\"font-size:32px;display:inline-block;\">\n\t<i class=\"Defaults-cloud-download\"><\/i>\n<\/div><\/div><\/div><\/div><div class=\"uvc-ctaction-data uvc-ctaction-data-right-push ult-responsive\">Tricou m\u00e2nec\u0103 scurt\u0103 ELITE<\/div><a class=\"ulimate-call-to-action-link\" href=\"https:\/\/optcycling.co.uk\/wp-content\/uploads\/Tricou-maneca-scurta-ELITE.pdf\" ><\/a><\/div><div id=\"highlight-box-wrap-7709\"  data-ultimate-target='#highlight-box-wrap-7709'  data-responsive-json-new='{\"font-size\":\"desktop:20px;\",\"line-height\":\"\"}'  class=\"ultimate-call-to-action ult-adjust-bottom-margin  ctaction-text-center ult-responsive\" style=\"font-weight:normal;color:#ffffff;background:#0088cc;padding-top:20px;padding-bottom:20px;\"  data-background=\"#0088cc\"  data-background-hover=\"rgba(0,136,204,0.5)\"  data-override=\"0\" ><div class=\"ultimate-ctaction-icon ctaction-icon-right-push\"><div class=\"ult-just-icon-wrapper  \"><div class=\"align-icon\" style=\"text-align:center;\">\n<div class=\"aio-icon none \"  style=\"font-size:32px;display:inline-block;\">\n\t<i class=\"Defaults-cloud-download\"><\/i>\n<\/div><\/div><\/div><\/div><div class=\"uvc-ctaction-data uvc-ctaction-data-right-push ult-responsive\">Tricou maneca scurta TEAM replica<\/div><a class=\"ulimate-call-to-action-link\" href=\"https:\/\/optcycling.co.uk\/wp-content\/uploads\/Tricou-maneca-scurta-TEAM-replica.pdf\" ><\/a><\/div><div id=\"highlight-box-wrap-9466\"  data-ultimate-target='#highlight-box-wrap-9466'  data-responsive-json-new='{\"font-size\":\"desktop:20px;\",\"line-height\":\"\"}'  class=\"ultimate-call-to-action ult-adjust-bottom-margin  ctaction-text-center ult-responsive\" style=\"font-weight:normal;color:#ffffff;background:#0088cc;padding-top:20px;padding-bottom:20px;\"  data-background=\"#0088cc\"  data-background-hover=\"rgba(0,136,204,0.5)\"  data-override=\"0\" ><div class=\"ultimate-ctaction-icon ctaction-icon-right-push\"><div class=\"ult-just-icon-wrapper  \"><div class=\"align-icon\" style=\"text-align:center;\">\n<div class=\"aio-icon none \"  style=\"font-size:32px;display:inline-block;\">\n\t<i class=\"Defaults-cloud-download\"><\/i>\n<\/div><\/div><\/div><\/div><div class=\"uvc-ctaction-data uvc-ctaction-data-right-push ult-responsive\">Tricou maneca scurta EVENT<\/div><a class=\"ulimate-call-to-action-link\" href=\"https:\/\/optcycling.co.uk\/wp-content\/uploads\/Tricou-maneca-scurta-EVENT.pdf\" ><\/a><\/div><div id=\"highlight-box-wrap-2839\"  data-ultimate-target='#highlight-box-wrap-2839'  data-responsive-json-new='{\"font-size\":\"desktop:20px;\",\"line-height\":\"\"}'  class=\"ultimate-call-to-action ult-adjust-bottom-margin  ctaction-text-center ult-responsive\" style=\"font-weight:normal;color:#ffffff;background:#0088cc;padding-top:20px;padding-bottom:20px;\"  data-background=\"#0088cc\"  data-background-hover=\"rgba(0,136,204,0.5)\"  data-override=\"0\" ><div class=\"ultimate-ctaction-icon ctaction-icon-right-push\"><div class=\"ult-just-icon-wrapper  \"><div class=\"align-icon\" style=\"text-align:center;\">\n<div class=\"aio-icon none \"  style=\"font-size:32px;display:inline-block;\">\n\t<i class=\"Defaults-cloud-download\"><\/i>\n<\/div><\/div><\/div><\/div><div class=\"uvc-ctaction-data uvc-ctaction-data-right-push ult-responsive\">Pantaloni scur\u021bi ELITE<\/div><a class=\"ulimate-call-to-action-link\" href=\"https:\/\/optcycling.co.uk\/wp-content\/uploads\/OBS111-20-Pantaloni-scurti-ELITE-cu-bretele-si-bazon.pdf\" ><\/a><\/div><div id=\"highlight-box-wrap-2580\"  data-ultimate-target='#highlight-box-wrap-2580'  data-responsive-json-new='{\"font-size\":\"desktop:20px;\",\"line-height\":\"\"}'  class=\"ultimate-call-to-action ult-adjust-bottom-margin  ctaction-text-center ult-responsive\" style=\"font-weight:normal;color:#ffffff;background:#0088cc;padding-top:20px;padding-bottom:20px;\"  data-background=\"#0088cc\"  data-background-hover=\"rgba(0,136,204,0.5)\"  data-override=\"0\" ><div class=\"ultimate-ctaction-icon ctaction-icon-right-push\"><div class=\"ult-just-icon-wrapper  \"><div class=\"align-icon\" style=\"text-align:center;\">\n<div class=\"aio-icon none \"  style=\"font-size:32px;display:inline-block;\">\n\t<i class=\"Defaults-cloud-download\"><\/i>\n<\/div><\/div><\/div><\/div><div class=\"uvc-ctaction-data uvc-ctaction-data-right-push ult-responsive\">Pantaloni lungi<\/div><a class=\"ulimate-call-to-action-link\" href=\"https:\/\/optcycling.co.uk\/wp-content\/uploads\/Pantaloni-lungi.pdf\" ><\/a><\/div><div id=\"highlight-box-wrap-4121\"  data-ultimate-target='#highlight-box-wrap-4121'  data-responsive-json-new='{\"font-size\":\"desktop:20px;\",\"line-height\":\"\"}'  class=\"ultimate-call-to-action ult-adjust-bottom-margin  ctaction-text-center ult-responsive\" style=\"font-weight:normal;color:#ffffff;background:#0088cc;padding-top:20px;padding-bottom:20px;\"  data-background=\"#0088cc\"  data-background-hover=\"rgba(0,136,204,0.5)\"  data-override=\"0\" ><div class=\"ultimate-ctaction-icon ctaction-icon-right-push\"><div class=\"ult-just-icon-wrapper  \"><div class=\"align-icon\" style=\"text-align:center;\">\n<div class=\"aio-icon none \"  style=\"font-size:32px;display:inline-block;\">\n\t<i class=\"Defaults-cloud-download\"><\/i>\n<\/div><\/div><\/div><\/div><div class=\"uvc-ctaction-data uvc-ctaction-data-right-push ult-responsive\">\u00cenc\u0103lzitoare pentru picioare<\/div><a class=\"ulimate-call-to-action-link\" href=\"https:\/\/optcycling.co.uk\/wp-content\/uploads\/Incalzitoare-pentru-picioare.pdf\" ><\/a><\/div>[\/vc_column][vc_column width=&#8221;1\/3&#8243;]<div id=\"highlight-box-wrap-6476\"  data-ultimate-target='#highlight-box-wrap-6476'  data-responsive-json-new='{\"font-size\":\"desktop:20px;\",\"line-height\":\"\"}'  class=\"ultimate-call-to-action ult-adjust-bottom-margin  ctaction-text-center ult-responsive\" style=\"font-weight:normal;color:#ffffff;background:#0088cc;padding-top:20px;padding-bottom:20px;\"  data-background=\"#0088cc\"  data-background-hover=\"rgba(0,136,204,0.5)\"  data-override=\"0\" ><div class=\"ultimate-ctaction-icon ctaction-icon-right-push\"><div class=\"ult-just-icon-wrapper  \"><div class=\"align-icon\" style=\"text-align:center;\">\n<div class=\"aio-icon none \"  style=\"font-size:32px;display:inline-block;\">\n\t<i class=\"Defaults-cloud-download\"><\/i>\n<\/div><\/div><\/div><\/div><div class=\"uvc-ctaction-data uvc-ctaction-data-right-push ult-responsive\">Tricou m\u00e2nec\u0103 scurt\u0103 TEAM<\/div><a class=\"ulimate-call-to-action-link\" href=\"https:\/\/optcycling.co.uk\/wp-content\/uploads\/Tricou-maneca-scurta-TEAM.pdf\" ><\/a><\/div><div id=\"highlight-box-wrap-6914\"  data-ultimate-target='#highlight-box-wrap-6914'  data-responsive-json-new='{\"font-size\":\"desktop:20px;\",\"line-height\":\"\"}'  class=\"ultimate-call-to-action ult-adjust-bottom-margin  ctaction-text-center ult-responsive\" style=\"font-weight:normal;color:#ffffff;background:#0088cc;padding-top:20px;padding-bottom:20px;\"  data-background=\"#0088cc\"  data-background-hover=\"rgba(0,136,204,0.5)\"  data-override=\"0\" ><div class=\"ultimate-ctaction-icon ctaction-icon-right-push\"><div class=\"ult-just-icon-wrapper  \"><div class=\"align-icon\" style=\"text-align:center;\">\n<div class=\"aio-icon none \"  style=\"font-size:32px;display:inline-block;\">\n\t<i class=\"Defaults-cloud-download\"><\/i>\n<\/div><\/div><\/div><\/div><div class=\"uvc-ctaction-data uvc-ctaction-data-right-push ult-responsive\">Tricou m\u00e2nec\u0103 lung\u0103<\/div><a class=\"ulimate-call-to-action-link\" href=\"https:\/\/optcycling.co.uk\/wp-content\/uploads\/Tricou-cu-maneca-lunga.pdf\" ><\/a><\/div><div id=\"highlight-box-wrap-8239\"  data-ultimate-target='#highlight-box-wrap-8239'  data-responsive-json-new='{\"font-size\":\"desktop:20px;\",\"line-height\":\"\"}'  class=\"ultimate-call-to-action ult-adjust-bottom-margin  ctaction-text-center ult-responsive\" style=\"font-weight:normal;color:#ffffff;background:#0088cc;padding-top:20px;padding-bottom:20px;\"  data-background=\"#0088cc\"  data-background-hover=\"rgba(0,136,204,0.5)\"  data-override=\"0\" ><div class=\"ultimate-ctaction-icon ctaction-icon-right-push\"><div class=\"ult-just-icon-wrapper  \"><div class=\"align-icon\" style=\"text-align:center;\">\n<div class=\"aio-icon none \"  style=\"font-size:32px;display:inline-block;\">\n\t<i class=\"Defaults-cloud-download\"><\/i>\n<\/div><\/div><\/div><\/div><div class=\"uvc-ctaction-data uvc-ctaction-data-right-push ult-responsive\">Vest\u0103 anti-v\u00e2nt<\/div><a class=\"ulimate-call-to-action-link\" href=\"https:\/\/optcycling.co.uk\/wp-content\/uploads\/Vesta-anti-vant.pdf\" ><\/a><\/div><div id=\"highlight-box-wrap-2064\"  data-ultimate-target='#highlight-box-wrap-2064'  data-responsive-json-new='{\"font-size\":\"desktop:20px;\",\"line-height\":\"\"}'  class=\"ultimate-call-to-action ult-adjust-bottom-margin  ctaction-text-center ult-responsive\" style=\"font-weight:normal;color:#ffffff;background:#0088cc;padding-top:20px;padding-bottom:20px;\"  data-background=\"#0088cc\"  data-background-hover=\"rgba(0,136,204,0.5)\"  data-override=\"0\" ><div class=\"ultimate-ctaction-icon ctaction-icon-right-push\"><div class=\"ult-just-icon-wrapper  \"><div class=\"align-icon\" style=\"text-align:center;\">\n<div class=\"aio-icon none \"  style=\"font-size:32px;display:inline-block;\">\n\t<i class=\"Defaults-cloud-download\"><\/i>\n<\/div><\/div><\/div><\/div><div class=\"uvc-ctaction-data uvc-ctaction-data-right-push ult-responsive\">Pantaloni scur\u021bi TEAM<\/div><a class=\"ulimate-call-to-action-link\" href=\"https:\/\/optcycling.co.uk\/wp-content\/uploads\/Pantaloni-scurti-TEAM.pdf\" ><\/a><\/div><div id=\"highlight-box-wrap-2532\"  data-ultimate-target='#highlight-box-wrap-2532'  data-responsive-json-new='{\"font-size\":\"desktop:20px;\",\"line-height\":\"\"}'  class=\"ultimate-call-to-action ult-adjust-bottom-margin  ctaction-text-center ult-responsive\" style=\"font-weight:normal;color:#ffffff;background:#0088cc;padding-top:20px;padding-bottom:20px;\"  data-background=\"#0088cc\"  data-background-hover=\"rgba(0,136,204,0.5)\"  data-override=\"0\" ><div class=\"ultimate-ctaction-icon ctaction-icon-right-push\"><div class=\"ult-just-icon-wrapper  \"><div class=\"align-icon\" style=\"text-align:center;\">\n<div class=\"aio-icon none \"  style=\"font-size:32px;display:inline-block;\">\n\t<i class=\"Defaults-cloud-download\"><\/i>\n<\/div><\/div><\/div><\/div><div class=\"uvc-ctaction-data uvc-ctaction-data-right-push ult-responsive\">Jacheta de ploaie<\/div><a class=\"ulimate-call-to-action-link\" href=\"https:\/\/optcycling.co.uk\/wp-content\/uploads\/Jacheta-de-ploaie.pdf\" ><\/a><\/div><div id=\"highlight-box-wrap-7002\"  data-ultimate-target='#highlight-box-wrap-7002'  data-responsive-json-new='{\"font-size\":\"desktop:20px;\",\"line-height\":\"\"}'  class=\"ultimate-call-to-action ult-adjust-bottom-margin  ctaction-text-center ult-responsive\" style=\"font-weight:normal;color:#ffffff;background:#0088cc;padding-top:20px;padding-bottom:20px;\"  data-background=\"#0088cc\"  data-background-hover=\"rgba(0,136,204,0.5)\"  data-override=\"0\" ><div class=\"ultimate-ctaction-icon ctaction-icon-right-push\"><div class=\"ult-just-icon-wrapper  \"><div class=\"align-icon\" style=\"text-align:center;\">\n<div class=\"aio-icon none \"  style=\"font-size:32px;display:inline-block;\">\n\t<i class=\"Defaults-cloud-download\"><\/i>\n<\/div><\/div><\/div><\/div><div class=\"uvc-ctaction-data uvc-ctaction-data-right-push ult-responsive\">Huse pentru pantofi<\/div><a class=\"ulimate-call-to-action-link\" href=\"https:\/\/optcycling.co.uk\/wp-content\/uploads\/Huse-pentru-pantofi.pdf\" ><\/a><\/div>[\/vc_column][\/vc_row]<\/p>\n<\/section>","protected":false},"excerpt":{"rendered":"<p>[vc_row bg_type=&#8221;bg_color&#8221;][vc_column width=&#8221;1\/3&#8243;][\/vc_column][vc_column width=&#8221;1\/3&#8243;][\/vc_column][vc_column width=&#8221;1\/3&#8243;][\/vc_column][\/vc_row]<\/p>\n","protected":false},"author":1,"featured_media":0,"parent":0,"menu_order":0,"comment_status":"closed","ping_status":"closed","template":"","meta":[],"_links":{"self":[{"href":"https:\/\/optcycling.co.uk\/ro\/wp-json\/wp\/v2\/pages\/629"}],"collection":[{"href":"https:\/\/optcycling.co.uk\/ro\/wp-json\/wp\/v2\/pages"}],"about":[{"href":"https:\/\/optcycling.co.uk\/ro\/wp-json\/wp\/v2\/types\/page"}],"author":[{"embeddable":true,"href":"https:\/\/optcycling.co.uk\/ro\/wp-json\/wp\/v2\/users\/1"}],"replies":[{"embeddable":true,"href":"https:\/\/optcycling.co.uk\/ro\/wp-json\/wp\/v2\/comments?post=629"}],"version-history":[{"count":1,"href":"https:\/\/optcycling.co.uk\/ro\/wp-json\/wp\/v2\/pages\/629\/revisions"}],"predecessor-version":[{"id":13434,"href":"https:\/\/optcycling.co.uk\/ro\/wp-json\/wp\/v2\/pages\/629\/revisions\/13434"}],"wp:attachment":[{"href":"https:\/\/optcycling.co.uk\/ro\/wp-json\/wp\/v2\/media?parent=629"}],"curies":[{"name":"wp","href":"https:\/\/api.w.org\/{rel}","templated":true}]}}