{"id":637,"date":"2017-11-25T22:26:26","date_gmt":"2017-11-25T22:26:26","guid":{"rendered":"https:\/\/demodata.org\/?page_id=637"},"modified":"2023-07-08T12:22:28","modified_gmt":"2023-07-08T12:22:28","slug":"tricou-maneca-scurta-comp","status":"publish","type":"page","link":"https:\/\/optcycling.co.uk\/ro\/tricou-maneca-scurta-comp\/","title":{"rendered":"Tricou m\u00e2nec\u0103 scurt\u0103 COMP"},"content":{"rendered":"<section class=\"wpb-content-wrapper\"><p>[vc_row][vc_column width=&#8221;1\/2&#8243;][vc_single_image image=&#8221;8430&#8243; img_size=&#8221;full&#8221; alignment=&#8221;center&#8221; onclick=&#8221;img_link_large&#8221;][\/vc_column][vc_column width=&#8221;1\/2&#8243;][vc_single_image image=&#8221;8431&#8243; img_size=&#8221;full&#8221; alignment=&#8221;center&#8221; onclick=&#8221;img_link_large&#8221;][\/vc_column][\/vc_row][vc_row][vc_column width=&#8221;1\/3&#8243;]<div id=\"highlight-box-wrap-2523\"  data-ultimate-target='#highlight-box-wrap-2523'  data-responsive-json-new='{\"font-size\":\"desktop:32px;\",\"line-height\":\"\"}'  class=\"ultimate-call-to-action ult-adjust-bottom-margin  ctaction-text-center ult-responsive\" style=\"font-weight:normal;color:#ffffff;background:#0088cc;padding-top:20px;padding-bottom:20px;\"  data-background=\"#0088cc\"  data-background-hover=\"rgba(0,136,204,0.5)\"  data-override=\"0\" ><div class=\"ultimate-ctaction-icon ctaction-icon-right-push\"><div class=\"ult-just-icon-wrapper  \"><div class=\"align-icon\" style=\"text-align:center;\">\n<div class=\"aio-icon none \"  style=\"font-size:32px;display:inline-block;\">\n\t<i class=\"Defaults-cloud-download\"><\/i>\n<\/div><\/div><\/div><\/div><div class=\"uvc-ctaction-data uvc-ctaction-data-right-push ult-responsive\">Tabel de m\u0103rimi<\/div><a class=\"ulimate-call-to-action-link\" href=\"https:\/\/optcycling.co.uk\/wp-content\/uploads\/Tabel-de-marimi-Tricou-Comp.png\" title=\"Tabel de m\u0103rimi\" ><\/a><\/div>[\/vc_column][vc_column width=&#8221;1\/3&#8243;]<div id=\"highlight-box-wrap-8603\"  data-ultimate-target='#highlight-box-wrap-8603'  data-responsive-json-new='{\"font-size\":\"desktop:32px;\",\"line-height\":\"\"}'  class=\"ultimate-call-to-action ult-adjust-bottom-margin  ctaction-text-center ult-responsive\" style=\"font-weight:normal;color:#ffffff;background:#0088cc;padding-top:20px;padding-bottom:20px;\"  data-background=\"#0088cc\"  data-background-hover=\"rgba(0,136,204,0.5)\"  data-override=\"0\" ><div class=\"ultimate-ctaction-icon ctaction-icon-right-push\"><div class=\"ult-just-icon-wrapper  \"><div class=\"align-icon\" style=\"text-align:center;\">\n<div class=\"aio-icon none \"  style=\"font-size:32px;display:inline-block;\">\n\t<i class=\"Defaults-cloud-download\"><\/i>\n<\/div><\/div><\/div><\/div><div class=\"uvc-ctaction-data uvc-ctaction-data-right-push ult-responsive\">\u0218abloane<\/div><a class=\"ulimate-call-to-action-link\" href=\"https:\/\/optcycling.co.uk\/sabloane\/\" title=\"Sabloane\" ><\/a><\/div>[\/vc_column][vc_column width=&#8221;1\/3&#8243;]<div id=\"highlight-box-wrap-5366\"  data-ultimate-target='#highlight-box-wrap-5366'  data-responsive-json-new='{\"font-size\":\"desktop:32px;\",\"line-height\":\"\"}'  class=\"ultimate-call-to-action ult-adjust-bottom-margin  ctaction-text-center ult-responsive\" style=\"font-weight:normal;color:#ffffff;background:#0088cc;padding-top:20px;padding-bottom:20px;\"  data-background=\"#0088cc\"  data-background-hover=\"rgba(0,136,204,0.5)\"  data-override=\"0\" ><div class=\"ultimate-ctaction-icon ctaction-icon-right-push\"><div class=\"ult-just-icon-wrapper  \"><div class=\"align-icon\" style=\"text-align:center;\">\n<div class=\"aio-icon none \"  style=\"font-size:32px;display:inline-block;\">\n\t<i class=\"Defaults-image photo picture-o\"><\/i>\n<\/div><\/div><\/div><\/div><div class=\"uvc-ctaction-data uvc-ctaction-data-right-push ult-responsive\">Galerie<\/div><a class=\"ulimate-call-to-action-link\" href=\"https:\/\/optcycling.co.uk\/portofoliu\/\" title=\"Portofoliu\" ><\/a><\/div>[\/vc_column][\/vc_row][vc_row][vc_column]<div id=\"ultimate-heading-35656a04adca22b46\" class=\"uvc-heading ult-adjust-bottom-margin ultimate-heading-35656a04adca22b46 uvc-5636 \" data-hspacer=\"line_only\"  data-halign=\"left\" style=\"text-align:left\"><div class=\"uvc-main-heading ult-responsive\"  data-ultimate-target='.uvc-heading.ultimate-heading-35656a04adca22b46 h2'  data-responsive-json-new='{\"font-size\":\"\",\"line-height\":\"\"}' ><h2 style=\"font-weight:normal;\">Prezentare<\/h2><\/div><div class=\"uvc-heading-spacer line_only\" style=\"topheight:1px;\"><span class=\"uvc-headings-line\" style=\"border-style:solid;border-bottom-width:1px;border-color:#ccc;width:autopx;\"><\/span><\/div><\/div><div class=\"ult-spacer spacer-6a04adca22b8d\" data-id=\"6a04adca22b8d\" data-height=\"20\" data-height-mobile=\"20\" data-height-tab=\"20\" data-height-tab-portrait=\"\" data-height-mobile-landscape=\"\" style=\"clear:both;display:block;\"><\/div>[vc_column_text]Tricoul de ciclism OPT Comp a ap\u0103rut \u00een urma solicit\u0103rilor cicli\u0219tilor amatori de a avea un produs orientat mai pu\u021bin spre performan\u021b\u0103 \u0219i mai mult spre confort.<\/p>\n<p>Croiul este mai lejer, dar gama Comp nu face rabat de la calitate. Este produs din materiale reciclate \u0219i beneficiaz\u0103 de un tratament <a href=\"https:\/\/heiq.com\/products\/functional-textile-technologies\/heiq-pure\/\" target=\"_blank\" rel=\"noopener\">PURE,<\/a><\/p>\n<p><strong>Avantaje:<\/strong><\/p>\n<ul>\n<li>Dispune de un fermoar lung, marca YKK, pentru o durabilitate f\u0103r\u0103 egal.<\/li>\n<li>Prev\u0103zut cu 3 buzunare, pentru acces rapid la diverse accesorii.<\/li>\n<li>Elemente reflectorizante pentru siguran\u021b\u0103 \u00een zone urbane.<\/li>\n<li>Band\u0103 cu silicon la baz\u0103 pentru a nu se ridica \u00een timpul utiliz\u0103rii.<\/li>\n<li>Material cu tehnologie de control olfactiv anti-microbian pentru un confort ridicat.<\/li>\n<li>Ofer\u0103 eficien\u021b\u0103 \u0219i durabilitate antimicrobian\u0103 excep\u021bional\u0103.<\/li>\n<li>Performan\u021b\u0103 garantat\u0103 pe toat\u0103 durata de via\u021b\u0103 a produsului.<\/li>\n<li>Materialul dispune de propriet\u0103\u021bi deosebite: respirabilitate \u0219i absorb\u021bie optim\u0103 a umezelii.<\/li>\n<\/ul>\n<p><strong> <\/strong><\/p>\n<p><strong>Permite ob\u021binerea celor mai bune rezultate de imprimare pentru orice tip de personalizare.<\/strong>[\/vc_column_text][\/vc_column][\/vc_row][vc_row][vc_column]<div id=\"ultimate-heading-77536a04adca22bd0\" class=\"uvc-heading ult-adjust-bottom-margin ultimate-heading-77536a04adca22bd0 uvc-4086 \" data-hspacer=\"line_only\"  data-halign=\"left\" style=\"text-align:left\"><div class=\"uvc-main-heading ult-responsive\"  data-ultimate-target='.uvc-heading.ultimate-heading-77536a04adca22bd0 h2'  data-responsive-json-new='{\"font-size\":\"\",\"line-height\":\"\"}' ><h2 style=\"font-weight:normal;\">Materiale<\/h2><\/div><div class=\"uvc-heading-spacer line_only\" style=\"topheight:1px;\"><span class=\"uvc-headings-line\" style=\"border-style:solid;border-bottom-width:1px;border-color:#ccc;width:autopx;\"><\/span><\/div><\/div><div class=\"ult-spacer spacer-6a04adca22c30\" data-id=\"6a04adca22c30\" data-height=\"20\" data-height-mobile=\"20\" data-height-tab=\"20\" data-height-tab-portrait=\"\" data-height-mobile-landscape=\"\" style=\"clear:both;display:block;\"><\/div>[vc_column_text]<\/p>\n<div class=\"vc_row wpb_row vc_row-fluid\">\n<div class=\"vc_column_container vc_col-sm-12\">\n<div class=\"wpb_wrapper vc_column-inner\">\n<div class=\"wpb_text_column wpb_content_element \">\n<div class=\"wpb_wrapper\">\n<p>Realizat din material Dry Clim, care asigura o uscare rapida a tricoului.<\/p>\n<\/div>\n<\/div>\n<\/div>\n<\/div>\n<\/div>\n<p>[\/vc_column_text][\/vc_column][\/vc_row][vc_row][vc_column width=&#8221;1\/4&#8243;]<div class=\"porto-image-frame \"><div class=\"thumb-info thumb-info-hide-wrapper-bg\"><span class=\"thumb-info-wrapper\"><img alt=\"\" src=\"\/\/optcycling.co.uk\/wp-content\/uploads\/Tricou-Comp-fata.png\" class=\"img-responsive\" width=\"600\" height=\"600\"><\/span><\/div><\/div>[\/vc_column][vc_column width=&#8221;1\/4&#8243;]<div class=\"porto-image-frame \"><div class=\"thumb-info thumb-info-hide-wrapper-bg\"><span class=\"thumb-info-wrapper\"><img alt=\"\" src=\"\/\/optcycling.co.uk\/wp-content\/uploads\/Tricou-Comp-panouri.png\" class=\"img-responsive\" width=\"600\" height=\"600\"><\/span><\/div><\/div>[\/vc_column][vc_column width=&#8221;1\/4&#8243;][\/vc_column][vc_column width=&#8221;1\/4&#8243;][\/vc_column][\/vc_row]<\/p>\n<\/section>","protected":false},"excerpt":{"rendered":"<p>[vc_row][vc_column width=&#8221;1\/2&#8243;][vc_single_image image=&#8221;8430&#8243; img_size=&#8221;full&#8221; alignment=&#8221;center&#8221; onclick=&#8221;img_link_large&#8221;][\/vc_column][vc_column width=&#8221;1\/2&#8243;][vc_single_image image=&#8221;8431&#8243; img_size=&#8221;full&#8221; alignment=&#8221;center&#8221; onclick=&#8221;img_link_large&#8221;][\/vc_column][\/vc_row][vc_row][vc_column width=&#8221;1\/3&#8243;][\/vc_column][vc_column width=&#8221;1\/3&#8243;][\/vc_column][vc_column width=&#8221;1\/3&#8243;][\/vc_column][\/vc_row][vc_row][vc_column][vc_column_text]Tricoul de ciclism OPT Comp a ap\u0103rut \u00een urma solicit\u0103rilor cicli\u0219tilor amatori de a avea un produs orientat mai pu\u021bin spre performan\u021b\u0103 \u0219i mai mult spre confort. Croiul este mai lejer, dar gama Comp nu face rabat de la calitate. Este produs [&hellip;]<\/p>\n","protected":false},"author":1,"featured_media":0,"parent":0,"menu_order":0,"comment_status":"closed","ping_status":"closed","template":"","meta":[],"_links":{"self":[{"href":"https:\/\/optcycling.co.uk\/ro\/wp-json\/wp\/v2\/pages\/637"}],"collection":[{"href":"https:\/\/optcycling.co.uk\/ro\/wp-json\/wp\/v2\/pages"}],"about":[{"href":"https:\/\/optcycling.co.uk\/ro\/wp-json\/wp\/v2\/types\/page"}],"author":[{"embeddable":true,"href":"https:\/\/optcycling.co.uk\/ro\/wp-json\/wp\/v2\/users\/1"}],"replies":[{"embeddable":true,"href":"https:\/\/optcycling.co.uk\/ro\/wp-json\/wp\/v2\/comments?post=637"}],"version-history":[{"count":2,"href":"https:\/\/optcycling.co.uk\/ro\/wp-json\/wp\/v2\/pages\/637\/revisions"}],"predecessor-version":[{"id":13514,"href":"https:\/\/optcycling.co.uk\/ro\/wp-json\/wp\/v2\/pages\/637\/revisions\/13514"}],"wp:attachment":[{"href":"https:\/\/optcycling.co.uk\/ro\/wp-json\/wp\/v2\/media?parent=637"}],"curies":[{"name":"wp","href":"https:\/\/api.w.org\/{rel}","templated":true}]}}