{"id":638,"date":"2017-11-25T22:26:30","date_gmt":"2017-11-25T22:26:30","guid":{"rendered":"https:\/\/demodata.org\/?page_id=638"},"modified":"2023-07-08T12:22:34","modified_gmt":"2023-07-08T12:22:34","slug":"tricou-maneca-scurta-team","status":"publish","type":"page","link":"https:\/\/optcycling.co.uk\/ro\/tricou-maneca-scurta-team\/","title":{"rendered":"Tricou m\u00e2nec\u0103 scurt\u0103 ECHIPA"},"content":{"rendered":"<section class=\"wpb-content-wrapper\"><p>[vc_row][vc_column width=&#8221;1\/2&#8243;][vc_single_image image=&#8221;8440&#8243; img_size=&#8221;full&#8221; alignment=&#8221;center&#8221; onclick=&#8221;img_link_large&#8221;][\/vc_column][vc_column width=&#8221;1\/2&#8243;][vc_single_image image=&#8221;8441&#8243; img_size=&#8221;full&#8221; alignment=&#8221;center&#8221; onclick=&#8221;img_link_large&#8221;][\/vc_column][\/vc_row][vc_row][vc_column width=&#8221;1\/3&#8243;]<div id=\"highlight-box-wrap-1647\"  data-ultimate-target='#highlight-box-wrap-1647'  data-responsive-json-new='{\"font-size\":\"desktop:32px;\",\"line-height\":\"\"}'  class=\"ultimate-call-to-action ult-adjust-bottom-margin  ctaction-text-center ult-responsive\" style=\"font-weight:normal;color:#ffffff;background:#0088cc;padding-top:20px;padding-bottom:20px;\"  data-background=\"#0088cc\"  data-background-hover=\"rgba(0,136,204,0.5)\"  data-override=\"0\" ><div class=\"ultimate-ctaction-icon ctaction-icon-right-push\"><div class=\"ult-just-icon-wrapper  \"><div class=\"align-icon\" style=\"text-align:center;\">\n<div class=\"aio-icon none \"  style=\"font-size:32px;display:inline-block;\">\n\t<i class=\"Defaults-cloud-download\"><\/i>\n<\/div><\/div><\/div><\/div><div class=\"uvc-ctaction-data uvc-ctaction-data-right-push ult-responsive\">Tabel de m\u0103rimi<\/div><a class=\"ulimate-call-to-action-link\" href=\"https:\/\/optcycling.co.uk\/wp-content\/uploads\/Tabel-de-marimi-Tricou-Team.png\" title=\"Tabel de m\u0103rimi\" ><\/a><\/div>[\/vc_column][vc_column width=&#8221;1\/3&#8243;]<div id=\"highlight-box-wrap-3527\"  data-ultimate-target='#highlight-box-wrap-3527'  data-responsive-json-new='{\"font-size\":\"desktop:32px;\",\"line-height\":\"\"}'  class=\"ultimate-call-to-action ult-adjust-bottom-margin  ctaction-text-center ult-responsive\" style=\"font-weight:normal;color:#ffffff;background:#0088cc;padding-top:20px;padding-bottom:20px;\"  data-background=\"#0088cc\"  data-background-hover=\"rgba(0,136,204,0.5)\"  data-override=\"0\" ><div class=\"ultimate-ctaction-icon ctaction-icon-right-push\"><div class=\"ult-just-icon-wrapper  \"><div class=\"align-icon\" style=\"text-align:center;\">\n<div class=\"aio-icon none \"  style=\"font-size:32px;display:inline-block;\">\n\t<i class=\"Defaults-cloud-download\"><\/i>\n<\/div><\/div><\/div><\/div><div class=\"uvc-ctaction-data uvc-ctaction-data-right-push ult-responsive\">\u0218abloane<\/div><a class=\"ulimate-call-to-action-link\" href=\"https:\/\/optcycling.co.uk\/sabloane\/\" title=\"Sabloane\" ><\/a><\/div>[\/vc_column][vc_column width=&#8221;1\/3&#8243;]<div id=\"highlight-box-wrap-5375\"  data-ultimate-target='#highlight-box-wrap-5375'  data-responsive-json-new='{\"font-size\":\"desktop:32px;\",\"line-height\":\"\"}'  class=\"ultimate-call-to-action ult-adjust-bottom-margin  ctaction-text-center ult-responsive\" style=\"font-weight:normal;color:#ffffff;background:#0088cc;padding-top:20px;padding-bottom:20px;\"  data-background=\"#0088cc\"  data-background-hover=\"rgba(0,136,204,0.5)\"  data-override=\"0\" ><div class=\"ultimate-ctaction-icon ctaction-icon-right-push\"><div class=\"ult-just-icon-wrapper  \"><div class=\"align-icon\" style=\"text-align:center;\">\n<div class=\"aio-icon none \"  style=\"font-size:32px;display:inline-block;\">\n\t<i class=\"Defaults-image photo picture-o\"><\/i>\n<\/div><\/div><\/div><\/div><div class=\"uvc-ctaction-data uvc-ctaction-data-right-push ult-responsive\">Galerie<\/div><a class=\"ulimate-call-to-action-link\" href=\"https:\/\/optcycling.co.uk\/portofoliu\/\" title=\"Portofoliu\" ><\/a><\/div>[\/vc_column][\/vc_row][vc_row][vc_column]<div id=\"ultimate-heading-94616a04adde12eb3\" class=\"uvc-heading ult-adjust-bottom-margin ultimate-heading-94616a04adde12eb3 uvc-9893 \" data-hspacer=\"line_only\"  data-halign=\"left\" style=\"text-align:left\"><div class=\"uvc-main-heading ult-responsive\"  data-ultimate-target='.uvc-heading.ultimate-heading-94616a04adde12eb3 h2'  data-responsive-json-new='{\"font-size\":\"\",\"line-height\":\"\"}' ><h2 style=\"font-weight:normal;\">Prezentare<\/h2><\/div><div class=\"uvc-heading-spacer line_only\" style=\"topheight:1px;\"><span class=\"uvc-headings-line\" style=\"border-style:solid;border-bottom-width:1px;border-color:#ccc;width:autopx;\"><\/span><\/div><\/div><div class=\"ult-spacer spacer-6a04adde12efa\" data-id=\"6a04adde12efa\" data-height=\"20\" data-height-mobile=\"20\" data-height-tab=\"20\" data-height-tab-portrait=\"\" data-height-mobile-landscape=\"\" style=\"clear:both;display:block;\"><\/div>[vc_column_text]Tricoul cu m\u00e2nec\u0103 scurt\u0103 OPT Team este primul produs dezvoltat sub marca OPT. Pentru a combina aspectul \u0219i func\u021bionalitatea, tricoul Team este produs din 4 tipuri de material, rezult\u00e2nd o croial\u0103 orientat\u0103 spre latura competi\u021bional\u0103. Se adreseaz\u0103 \u00een special cicli\u0219tilor amatori care obi\u0219nuiesc s\u0103 ias\u0103 de 2-3 ori pe s\u0103pt\u0103m\u00e2n\u0103 cu bicicleta, iar \u00een weekend particip\u0103 la competi\u021bii dedicate lor. [\/vc_column_text]<div id=\"ultimate-heading-5416a04adde12f35\" class=\"uvc-heading ult-adjust-bottom-margin ultimate-heading-5416a04adde12f35 uvc-2556 \" data-hspacer=\"line_only\"  data-halign=\"left\" style=\"text-align:left\"><div class=\"uvc-main-heading ult-responsive\"  data-ultimate-target='.uvc-heading.ultimate-heading-5416a04adde12f35 h2'  data-responsive-json-new='{\"font-size\":\"\",\"line-height\":\"\"}' ><h2 style=\"font-weight:normal;\">Caracteristici<\/h2><\/div><div class=\"uvc-heading-spacer line_only\" style=\"topheight:1px;\"><span class=\"uvc-headings-line\" style=\"border-style:solid;border-bottom-width:1px;border-color:#ccc;width:autopx;\"><\/span><\/div><\/div><div class=\"ult-spacer spacer-6a04adde12f6f\" data-id=\"6a04adde12f6f\" data-height=\"20\" data-height-mobile=\"20\" data-height-tab=\"20\" data-height-tab-portrait=\"\" data-height-mobile-landscape=\"\" style=\"clear:both;display:block;\"><\/div>[vc_column_text]<\/p>\n<ul>\n<li>Panouri laterale ventileaz\u0103<\/li>\n<li>3 buzunare la spate<\/li>\n<li>Fermoar pulmonar<\/li>\n<li>Band\u0103 cu silicon la baz\u0103 pentru grip<\/li>\n<li>Inser\u021bie reflectorizant\u0103 pentru o mai bun\u0103 vizibilitate<\/li>\n<li>Termina\u021bie m\u00e2neci <em>CleanCut<\/em><\/li>\n<\/ul>\n<p>[\/vc_column_text][\/vc_column][\/vc_row][vc_row][vc_column]<div id=\"ultimate-heading-40946a04adde12fc2\" class=\"uvc-heading ult-adjust-bottom-margin ultimate-heading-40946a04adde12fc2 uvc-4766 \" data-hspacer=\"line_only\"  data-halign=\"left\" style=\"text-align:left\"><div class=\"uvc-main-heading ult-responsive\"  data-ultimate-target='.uvc-heading.ultimate-heading-40946a04adde12fc2 h2'  data-responsive-json-new='{\"font-size\":\"\",\"line-height\":\"\"}' ><h2 style=\"font-weight:normal;\">Materiale<\/h2><\/div><div class=\"uvc-heading-spacer line_only\" style=\"topheight:1px;\"><span class=\"uvc-headings-line\" style=\"border-style:solid;border-bottom-width:1px;border-color:#ccc;width:autopx;\"><\/span><\/div><\/div><div class=\"ult-spacer spacer-6a04adde1301a\" data-id=\"6a04adde1301a\" data-height=\"20\" data-height-mobile=\"20\" data-height-tab=\"20\" data-height-tab-portrait=\"\" data-height-mobile-landscape=\"\" style=\"clear:both;display:block;\"><\/div>[\/vc_column][\/vc_row][vc_row][vc_column width=&#8221;1\/4&#8243;]<div class=\"porto-image-frame \"><div class=\"thumb-info thumb-info-hide-wrapper-bg\"><span class=\"thumb-info-wrapper\"><img alt=\"\" src=\"\/\/optcycling.co.uk\/wp-content\/uploads\/Tricou-TEAM-fata.png\" class=\"img-responsive\" width=\"600\" height=\"600\"><\/span><\/div><\/div>[\/vc_column][vc_column width=&#8221;1\/4&#8243;]<div class=\"porto-image-frame \"><div class=\"thumb-info thumb-info-hide-wrapper-bg\"><span class=\"thumb-info-wrapper\"><img alt=\"\" src=\"\/\/optcycling.co.uk\/wp-content\/uploads\/Tricou-TEAM-spate.png\" class=\"img-responsive\" width=\"600\" height=\"600\"><\/span><\/div><\/div>[\/vc_column][vc_column width=&#8221;1\/4&#8243;]<div class=\"porto-image-frame \"><div class=\"thumb-info thumb-info-hide-wrapper-bg\"><span class=\"thumb-info-wrapper\"><img alt=\"\" src=\"\/\/optcycling.co.uk\/wp-content\/uploads\/Tricou-TEAM-panou.png\" class=\"img-responsive\" width=\"600\" height=\"600\"><\/span><\/div><\/div>[\/vc_column][vc_column width=&#8221;1\/4&#8243;]<div class=\"porto-image-frame \"><div class=\"thumb-info thumb-info-hide-wrapper-bg\"><span class=\"thumb-info-wrapper\"><img alt=\"\" src=\"\/\/optcycling.co.uk\/wp-content\/uploads\/Tricou-TEAM-buzunar.png\" class=\"img-responsive\" width=\"600\" height=\"600\"><\/span><\/div><\/div>[\/vc_column][\/vc_row]<\/p>\n<\/section>","protected":false},"excerpt":{"rendered":"<p>[vc_row][vc_column width=&#8221;1\/2&#8243;][vc_single_image image=&#8221;8440&#8243; img_size=&#8221;full&#8221; alignment=&#8221;center&#8221; onclick=&#8221;img_link_large&#8221;][\/vc_column][vc_column width=&#8221;1\/2&#8243;][vc_single_image image=&#8221;8441&#8243; img_size=&#8221;full&#8221; alignment=&#8221;center&#8221; onclick=&#8221;img_link_large&#8221;][\/vc_column][\/vc_row][vc_row][vc_column width=&#8221;1\/3&#8243;][\/vc_column][vc_column width=&#8221;1\/3&#8243;][\/vc_column][vc_column width=&#8221;1\/3&#8243;][\/vc_column][\/vc_row][vc_row][vc_column][vc_column_text]Tricoul cu m\u00e2nec\u0103 scurt\u0103 OPT Team este primul produs dezvoltat sub marca OPT. Pentru a combina aspectul \u0219i func\u021bionalitatea, tricoul Team este produs din 4 tipuri de material, rezult\u00e2nd o croial\u0103 orientat\u0103 spre latura competi\u021bional\u0103. Se adreseaz\u0103 \u00een special cicli\u0219tilor amatori care [&hellip;]<\/p>\n","protected":false},"author":1,"featured_media":0,"parent":0,"menu_order":0,"comment_status":"closed","ping_status":"closed","template":"","meta":[],"_links":{"self":[{"href":"https:\/\/optcycling.co.uk\/ro\/wp-json\/wp\/v2\/pages\/638"}],"collection":[{"href":"https:\/\/optcycling.co.uk\/ro\/wp-json\/wp\/v2\/pages"}],"about":[{"href":"https:\/\/optcycling.co.uk\/ro\/wp-json\/wp\/v2\/types\/page"}],"author":[{"embeddable":true,"href":"https:\/\/optcycling.co.uk\/ro\/wp-json\/wp\/v2\/users\/1"}],"replies":[{"embeddable":true,"href":"https:\/\/optcycling.co.uk\/ro\/wp-json\/wp\/v2\/comments?post=638"}],"version-history":[{"count":2,"href":"https:\/\/optcycling.co.uk\/ro\/wp-json\/wp\/v2\/pages\/638\/revisions"}],"predecessor-version":[{"id":13532,"href":"https:\/\/optcycling.co.uk\/ro\/wp-json\/wp\/v2\/pages\/638\/revisions\/13532"}],"wp:attachment":[{"href":"https:\/\/optcycling.co.uk\/ro\/wp-json\/wp\/v2\/media?parent=638"}],"curies":[{"name":"wp","href":"https:\/\/api.w.org\/{rel}","templated":true}]}}