{"id":8492,"date":"2020-03-17T13:29:59","date_gmt":"2020-03-17T13:29:59","guid":{"rendered":"https:\/\/optcycling.ro\/?page_id=8492"},"modified":"2023-07-08T12:22:34","modified_gmt":"2023-07-08T12:22:34","slug":"tricoul-cu-maneca-scurta-opt-elite-plus","status":"publish","type":"page","link":"https:\/\/optcycling.co.uk\/ro\/tricoul-cu-maneca-scurta-opt-elite-plus\/","title":{"rendered":"Tricou m\u00e2nec\u0103 scurt\u0103 ELITE+"},"content":{"rendered":"<section class=\"wpb-content-wrapper\"><p>[vc_row][vc_column width=&#8221;1\/2&#8243;][vc_single_image image=&#8221;8436&#8243; img_size=&#8221;full&#8221; alignment=&#8221;center&#8221; onclick=&#8221;img_link_large&#8221;][\/vc_column][vc_column width=&#8221;1\/2&#8243;][vc_single_image image=&#8221;8437&#8243; img_size=&#8221;full&#8221; alignment=&#8221;center&#8221; onclick=&#8221;img_link_large&#8221;][\/vc_column][\/vc_row][vc_row][vc_column width=&#8221;1\/2&#8243;]<div id=\"highlight-box-wrap-2409\"  data-ultimate-target='#highlight-box-wrap-2409'  data-responsive-json-new='{\"font-size\":\"desktop:32px;\",\"line-height\":\"\"}'  class=\"ultimate-call-to-action ult-adjust-bottom-margin  ctaction-text-center ult-responsive\" style=\"font-weight:normal;color:#ffffff;background:#0088cc;padding-top:20px;padding-bottom:20px;\"  data-background=\"#0088cc\"  data-background-hover=\"rgba(0,136,204,0.5)\"  data-override=\"0\" ><div class=\"ultimate-ctaction-icon ctaction-icon-right-push\"><div class=\"ult-just-icon-wrapper  \"><div class=\"align-icon\" style=\"text-align:center;\">\n<div class=\"aio-icon none \"  style=\"font-size:32px;display:inline-block;\">\n\t<i class=\"Defaults-image photo picture-o\"><\/i>\n<\/div><\/div><\/div><\/div><div class=\"uvc-ctaction-data uvc-ctaction-data-right-push ult-responsive\">Galerie<\/div><a class=\"ulimate-call-to-action-link\" href=\"https:\/\/optcycling.co.uk\/portofoliu\/\" title=\"Portofoliu\" ><\/a><\/div>[\/vc_column][vc_column width=&#8221;1\/2&#8243;]<div id=\"highlight-box-wrap-7048\"  data-ultimate-target='#highlight-box-wrap-7048'  data-responsive-json-new='{\"font-size\":\"desktop:32px;\",\"line-height\":\"\"}'  class=\"ultimate-call-to-action ult-adjust-bottom-margin  ctaction-text-center ult-responsive\" style=\"font-weight:normal;color:#ffffff;background:#0088cc;padding-top:20px;padding-bottom:20px;\"  data-background=\"#0088cc\"  data-background-hover=\"rgba(0,136,204,0.5)\"  data-override=\"0\" ><div class=\"ultimate-ctaction-icon ctaction-icon-right-push\"><div class=\"ult-just-icon-wrapper  \"><div class=\"align-icon\" style=\"text-align:center;\">\n<div class=\"aio-icon none \"  style=\"font-size:32px;display:inline-block;\">\n\t<i class=\"Defaults-cloud-download\"><\/i>\n<\/div><\/div><\/div><\/div><div class=\"uvc-ctaction-data uvc-ctaction-data-right-push ult-responsive\">\u0218abloane<\/div><a class=\"ulimate-call-to-action-link\" href=\"https:\/\/optcycling.co.uk\/sabloane\/\" title=\"Sabloane\" ><\/a><\/div>[\/vc_column][\/vc_row][vc_row][vc_column]<div id=\"ultimate-heading-77586a04ae1544501\" class=\"uvc-heading ult-adjust-bottom-margin ultimate-heading-77586a04ae1544501 uvc-7850 \" data-hspacer=\"line_only\"  data-halign=\"left\" style=\"text-align:left\"><div class=\"uvc-main-heading ult-responsive\"  data-ultimate-target='.uvc-heading.ultimate-heading-77586a04ae1544501 h2'  data-responsive-json-new='{\"font-size\":\"\",\"line-height\":\"\"}' ><h2 style=\"font-weight:normal;\">Prezentare<\/h2><\/div><div class=\"uvc-heading-spacer line_only\" style=\"topheight:1px;\"><span class=\"uvc-headings-line\" style=\"border-style:solid;border-bottom-width:1px;border-color:#ccc;width:autopx;\"><\/span><\/div><\/div><div class=\"ult-spacer spacer-6a04ae1544574\" data-id=\"6a04ae1544574\" data-height=\"20\" data-height-mobile=\"20\" data-height-tab=\"20\" data-height-tab-portrait=\"\" data-height-mobile-landscape=\"\" style=\"clear:both;display:block;\"><\/div>[vc_column_text]A fost conceput cu un singur scop \u2013 competi\u021bia la cel mai \u00eenalt nivel. Tricoul <em>Elite+<\/em> urm\u0103re\u0219te cu exactitate liniile corpului atunci c\u00e2nd te afli pe biciclet\u0103 \u00een pozi\u021bie de concurs. Foarte u\u0219or \u0219i foarte aerisit, potrivit mai ales pentru competi\u021biile la temperaturi ridicate. Croi ergonomic care se adapteaz\u0103 mi\u0219c\u0103rilor \u0219i necesit\u0103\u021bilor tale de ciclist.[\/vc_column_text]<div id=\"ultimate-heading-48186a04ae15445d3\" class=\"uvc-heading ult-adjust-bottom-margin ultimate-heading-48186a04ae15445d3 uvc-6383 \" data-hspacer=\"line_only\"  data-halign=\"left\" style=\"text-align:left\"><div class=\"uvc-main-heading ult-responsive\"  data-ultimate-target='.uvc-heading.ultimate-heading-48186a04ae15445d3 h2'  data-responsive-json-new='{\"font-size\":\"\",\"line-height\":\"\"}' ><h2 style=\"font-weight:normal;\">Caracteristici<\/h2><\/div><div class=\"uvc-heading-spacer line_only\" style=\"topheight:1px;\"><span class=\"uvc-headings-line\" style=\"border-style:solid;border-bottom-width:1px;border-color:#ccc;width:autopx;\"><\/span><\/div><\/div><div class=\"ult-spacer spacer-6a04ae1544651\" data-id=\"6a04ae1544651\" data-height=\"20\" data-height-mobile=\"20\" data-height-tab=\"20\" data-height-tab-portrait=\"\" data-height-mobile-landscape=\"\" style=\"clear:both;display:block;\"><\/div>[vc_column_text]<\/p>\n<ul>\n<li>F\u0103r\u0103 guler<\/li>\n<li>3 buzunare la spate<\/li>\n<li>Fermoar pulmonar<\/li>\n<li>Band\u0103 cu silicon lat\u0103 la baz\u0103 \u00een parte din fa\u021b\u0103<\/li>\n<li>Material foarte aerisit<\/li>\n<li>Termina\u021bie m\u00e2neci <em>CleanCut<\/em><\/li>\n<\/ul>\n<p>[\/vc_column_text][\/vc_column][\/vc_row][vc_row][vc_column]<div id=\"ultimate-heading-6306a04ae15446ae\" class=\"uvc-heading ult-adjust-bottom-margin ultimate-heading-6306a04ae15446ae uvc-1386 \" data-hspacer=\"line_only\"  data-halign=\"left\" style=\"text-align:left\"><div class=\"uvc-main-heading ult-responsive\"  data-ultimate-target='.uvc-heading.ultimate-heading-6306a04ae15446ae h2'  data-responsive-json-new='{\"font-size\":\"\",\"line-height\":\"\"}' ><h2 style=\"font-weight:normal;\">Materiale<\/h2><\/div><div class=\"uvc-heading-spacer line_only\" style=\"topheight:1px;\"><span class=\"uvc-headings-line\" style=\"border-style:solid;border-bottom-width:1px;border-color:#ccc;width:autopx;\"><\/span><\/div><\/div><div class=\"ult-spacer spacer-6a04ae1544704\" data-id=\"6a04ae1544704\" data-height=\"20\" data-height-mobile=\"20\" data-height-tab=\"20\" data-height-tab-portrait=\"\" data-height-mobile-landscape=\"\" style=\"clear:both;display:block;\"><\/div>[\/vc_column][\/vc_row][vc_row][vc_column width=&#8221;1\/4&#8243;]<div class=\"porto-image-frame \"><div class=\"thumb-info align-center thumb-info-hide-wrapper-bg thumb-info-centered-info\"><span class=\"thumb-info-wrapper\"><img alt=\"\" src=\"\/\/optcycling.co.uk\/wp-content\/uploads\/Elite-PLUS-fata.png\" class=\"img-responsive\" width=\"600\" height=\"600\"><\/span><\/div><\/div>[\/vc_column][vc_column width=&#8221;1\/4&#8243;]<div class=\"porto-image-frame \"><div class=\"thumb-info align-center thumb-info-hide-wrapper-bg thumb-info-centered-info\"><span class=\"thumb-info-wrapper\"><img alt=\"\" src=\"\/\/optcycling.co.uk\/wp-content\/uploads\/Elite-PLUS-spate.png\" class=\"img-responsive\" width=\"600\" height=\"600\"><\/span><\/div><\/div>[\/vc_column][vc_column width=&#8221;1\/4&#8243;]<div class=\"porto-image-frame \"><div class=\"thumb-info align-center thumb-info-hide-wrapper-bg thumb-info-centered-info\"><span class=\"thumb-info-wrapper\"><img alt=\"\" src=\"\/\/optcycling.co.uk\/wp-content\/uploads\/Elite-PLUS-buzunar.png\" class=\"img-responsive\" width=\"600\" height=\"600\"><\/span><\/div><\/div>[\/vc_column][vc_column width=&#8221;1\/4&#8243;][\/vc_column][\/vc_row]<\/p>\n<\/section>","protected":false},"excerpt":{"rendered":"<p>[vc_row][vc_column width=&#8221;1\/2&#8243;][vc_single_image image=&#8221;8436&#8243; img_size=&#8221;full&#8221; alignment=&#8221;center&#8221; onclick=&#8221;img_link_large&#8221;][\/vc_column][vc_column width=&#8221;1\/2&#8243;][vc_single_image image=&#8221;8437&#8243; img_size=&#8221;full&#8221; alignment=&#8221;center&#8221; onclick=&#8221;img_link_large&#8221;][\/vc_column][\/vc_row][vc_row][vc_column width=&#8221;1\/2&#8243;][\/vc_column][vc_column width=&#8221;1\/2&#8243;][\/vc_column][\/vc_row][vc_row][vc_column][vc_column_text]A fost conceput cu un singur scop \u2013 competi\u021bia la cel mai \u00eenalt nivel. Tricoul Elite+ urm\u0103re\u0219te cu exactitate liniile corpului atunci c\u00e2nd te afli pe biciclet\u0103 \u00een pozi\u021bie de concurs. Foarte u\u0219or \u0219i foarte aerisit, potrivit mai ales pentru competi\u021biile la temperaturi [&hellip;]<\/p>\n","protected":false},"author":1,"featured_media":0,"parent":0,"menu_order":0,"comment_status":"closed","ping_status":"closed","template":"","meta":[],"_links":{"self":[{"href":"https:\/\/optcycling.co.uk\/ro\/wp-json\/wp\/v2\/pages\/8492"}],"collection":[{"href":"https:\/\/optcycling.co.uk\/ro\/wp-json\/wp\/v2\/pages"}],"about":[{"href":"https:\/\/optcycling.co.uk\/ro\/wp-json\/wp\/v2\/types\/page"}],"author":[{"embeddable":true,"href":"https:\/\/optcycling.co.uk\/ro\/wp-json\/wp\/v2\/users\/1"}],"replies":[{"embeddable":true,"href":"https:\/\/optcycling.co.uk\/ro\/wp-json\/wp\/v2\/comments?post=8492"}],"version-history":[{"count":3,"href":"https:\/\/optcycling.co.uk\/ro\/wp-json\/wp\/v2\/pages\/8492\/revisions"}],"predecessor-version":[{"id":13530,"href":"https:\/\/optcycling.co.uk\/ro\/wp-json\/wp\/v2\/pages\/8492\/revisions\/13530"}],"wp:attachment":[{"href":"https:\/\/optcycling.co.uk\/ro\/wp-json\/wp\/v2\/media?parent=8492"}],"curies":[{"name":"wp","href":"https:\/\/api.w.org\/{rel}","templated":true}]}}